{"id":1374,"date":"2024-06-12T07:21:52","date_gmt":"2024-06-12T07:21:52","guid":{"rendered":"https:\/\/arioncoaching.com\/?page_id=1374"},"modified":"2025-01-31T13:49:06","modified_gmt":"2025-01-31T13:49:06","slug":"politique-de-confidentialite","status":"publish","type":"page","link":"https:\/\/arioncoaching.com\/fr\/politique-de-confidentialite\/","title":{"rendered":"Politique de Confidentialit\u00e9"},"content":{"rendered":"<p>Votre vie priv\u00e9e est importante pour nous, c&rsquo;est pourquoi, \u00e0 travers cette politique, nous vous expliquons quelles donn\u00e9es nous collectons aupr\u00e8s des utilisateurs, comment nous les utilisons et \u00e0 quelles fins, entre autres indications.<\/p>\n<p>Pour votre information, nous ne demanderons jamais plus d&rsquo;informations que celles r\u00e9ellement n\u00e9cessaires pour les services requis ; nous ne les partagerons jamais avec des tiers, sauf obligation l\u00e9gale ou avec votre autorisation pr\u00e9alable ; et nous n&rsquo;utiliserons jamais vos donn\u00e9es \u00e0 d&rsquo;autres fins que celles pr\u00e9alablement indiqu\u00e9es.<\/p>\n<p>En tant qu&rsquo;utilisateur, vous devez lire attentivement cette Politique de confidentialit\u00e9 r\u00e9guli\u00e8rement et chaque fois que vous fournissez vos donn\u00e9es personnelles, car ce document peut \u00eatre modifi\u00e9 puisque le prestataire peut modifier toute information apparaissant sur le site web pour se conformer \u00e0 la r\u00e9glementation ou mettre \u00e0 jour la politique, sans obligation de pr\u00e9avis ni d\u2019information aux utilisateurs, la publication sur le site du prestataire \u00e9tant suffisante.<\/p>\n<p><strong>RESPONSABLE DU TRAITEMENT :<\/strong><\/p>\n<p>Identit\u00e9 : Anais Beranger (Ari\u00f3n Coaching)<\/p>\n<p>NIF : X4898160B<\/p>\n<p>Adresse postale : Centro Barrio Patr\u00eda 50, 11150 Vejer de la Frontera, C\u00e1diz<\/p>\n<p>Email : info@arioncoaching.es<\/p>\n<p>Arion Coaching, en tant que responsable du site web, conform\u00e9ment au R\u00e8glement (UE) 2016\/679 du 27 avril 2016 (RGPD) relatif \u00e0 la protection des personnes physiques \u00e0 l&rsquo;\u00e9gard du traitement des donn\u00e9es \u00e0 caract\u00e8re personnel et \u00e0 la libre circulation de ces donn\u00e9es, et aux autres r\u00e9glementations en vigueur sur la protection des donn\u00e9es personnelles, ainsi qu&rsquo;\u00e0 la Loi 34\/2002 du 11 juillet sur les Services de la Soci\u00e9t\u00e9 de l&rsquo;Information et du Commerce \u00c9lectronique (LSSICE), vous informe qu&rsquo;elle a mis en place les mesures de s\u00e9curit\u00e9 n\u00e9cessaires, techniques et organisationnelles, pour garantir et prot\u00e9ger la confidentialit\u00e9, l&rsquo;int\u00e9grit\u00e9 et la disponibilit\u00e9 des donn\u00e9es fournies.<\/p>\n<p><strong>M\u00c9THODE DE COLLECTE DES DONN\u00c9ES ET DONN\u00c9ES RECUEILLIES :<\/strong><\/p>\n<p>Les donn\u00e9es que nous collectons et la mani\u00e8re dont nous les obtenons sont les suivantes :<\/p>\n<ul class=\"wp-block-list\">\n<li>via le formulaire de contact : nom, e-mail, t\u00e9l\u00e9phone, entreprise<\/li>\n<li>via le formulaire d&rsquo;abonnement \u00e0 la newsletter : nom, e-mail<\/li>\n<\/ul>\n<p>Aucune cat\u00e9gorie de donn\u00e9es sp\u00e9cialement prot\u00e9g\u00e9es n&rsquo;est trait\u00e9e.<\/p>\n<p><strong>FINALIT\u00c9 DU TRAITEMENT :<\/strong><\/p>\n<p>Vos donn\u00e9es personnelles seront uniquement utilis\u00e9es aux fins suivantes, en donnant votre consentement pour chacune d&rsquo;elles dans la section correspondante du site web :<\/p>\n<ul class=\"wp-block-list\">\n<li><strong>Formulaire de contact :<\/strong> pour r\u00e9pondre aux demandes et\/ou fournir des informations requises par l&rsquo;Utilisateur ;<\/li>\n<li><strong>Formulaire d&rsquo;abonnement \u00e0 la newsletter :<\/strong> pour vous envoyer des communications commerciales et publicitaires par e-mail, SMS, r\u00e9seaux sociaux ou tout autre moyen \u00e9lectronique ou physique, si l&rsquo;Utilisateur y a express\u00e9ment consenti.<\/li>\n<\/ul>\n<p>Vous pouvez r\u00e9voquer votre consentement \u00e0 tout moment en envoyant un e-mail avec l&rsquo;objet \u00ab D\u00e9sinscription \u00bb \u00e0 (votre e-mail).<\/p>\n<p>Conform\u00e9ment \u00e0 la LSSICE, <strong>Arion Coaching<\/strong> ne pratique pas le SPAM, donc n&rsquo;envoie pas d&rsquo;e-mails commerciaux sans demande ou autorisation pr\u00e9alable de l&rsquo;Utilisateur.<\/p>\n<p>Nous ne traiterons pas vos donn\u00e9es personnelles \u00e0 d&rsquo;autres fins que celles d\u00e9crites, sauf obligation l\u00e9gale ou exigence judiciaire.<\/p>\n","protected":false},"excerpt":{"rendered":"<p>Votre vie priv\u00e9e est importante pour nous, c&rsquo;est pourquoi, \u00e0 travers cette politique, nous vous expliquons quelles donn\u00e9es nous collectons aupr\u00e8s des utilisateurs, comment nous les utilisons et \u00e0 quelles fins, entre autres indications. Pour votre information, nous ne demanderons jamais plus d&rsquo;informations que celles r\u00e9ellement n\u00e9cessaires pour les services requis ; nous ne les [&hellip;]<\/p>\n","protected":false},"author":1,"featured_media":0,"parent":0,"menu_order":0,"comment_status":"closed","ping_status":"closed","template":"","meta":{"footnotes":""},"class_list":["post-1374","page","type-page","status-publish","hentry"],"yoast_head":"<!-- This site is optimized with the Yoast SEO plugin v27.3 - https:\/\/yoast.com\/product\/yoast-seo-wordpress\/ -->\n<title>Politique de Confidentialit\u00e9 - Arion Coaching<\/title>\n<meta name=\"robots\" content=\"index, follow, max-snippet:-1, max-image-preview:large, max-video-preview:-1\" \/>\n<link rel=\"canonical\" href=\"https:\/\/arioncoaching.com\/fr\/politique-de-confidentialite\/\" \/>\n<meta property=\"og:locale\" content=\"fr_FR\" \/>\n<meta property=\"og:type\" content=\"article\" \/>\n<meta property=\"og:title\" content=\"Politique de Confidentialit\u00e9 - Arion Coaching\" \/>\n<meta property=\"og:description\" content=\"Votre vie priv\u00e9e est importante pour nous, c&rsquo;est pourquoi, \u00e0 travers cette politique, nous vous expliquons quelles donn\u00e9es nous collectons aupr\u00e8s des utilisateurs, comment nous les utilisons et \u00e0 quelles fins, entre autres indications. Pour votre information, nous ne demanderons jamais plus d&rsquo;informations que celles r\u00e9ellement n\u00e9cessaires pour les services requis ; nous ne les [&hellip;]\" \/>\n<meta property=\"og:url\" content=\"https:\/\/arioncoaching.com\/fr\/politique-de-confidentialite\/\" \/>\n<meta property=\"og:site_name\" content=\"Arion Coaching\" \/>\n<meta property=\"article:modified_time\" content=\"2025-01-31T13:49:06+00:00\" \/>\n<meta name=\"twitter:card\" content=\"summary_large_image\" \/>\n<meta name=\"twitter:label1\" content=\"Dur\u00e9e de lecture estim\u00e9e\" \/>\n\t<meta name=\"twitter:data1\" content=\"3 minutes\" \/>\n<script type=\"application\/ld+json\" class=\"yoast-schema-graph\">{\"@context\":\"https:\\\/\\\/schema.org\",\"@graph\":[{\"@type\":\"WebPage\",\"@id\":\"https:\\\/\\\/arioncoaching.com\\\/fr\\\/politique-de-confidentialite\\\/\",\"url\":\"https:\\\/\\\/arioncoaching.com\\\/fr\\\/politique-de-confidentialite\\\/\",\"name\":\"Politique de Confidentialit\u00e9 - Arion Coaching\",\"isPartOf\":{\"@id\":\"https:\\\/\\\/arioncoaching.com\\\/fr\\\/#website\"},\"datePublished\":\"2024-06-12T07:21:52+00:00\",\"dateModified\":\"2025-01-31T13:49:06+00:00\",\"breadcrumb\":{\"@id\":\"https:\\\/\\\/arioncoaching.com\\\/fr\\\/politique-de-confidentialite\\\/#breadcrumb\"},\"inLanguage\":\"fr-FR\",\"potentialAction\":[{\"@type\":\"ReadAction\",\"target\":[\"https:\\\/\\\/arioncoaching.com\\\/fr\\\/politique-de-confidentialite\\\/\"]}]},{\"@type\":\"BreadcrumbList\",\"@id\":\"https:\\\/\\\/arioncoaching.com\\\/fr\\\/politique-de-confidentialite\\\/#breadcrumb\",\"itemListElement\":[{\"@type\":\"ListItem\",\"position\":1,\"name\":\"Portada\",\"item\":\"https:\\\/\\\/arioncoaching.com\\\/fr\\\/\"},{\"@type\":\"ListItem\",\"position\":2,\"name\":\"Politique de Confidentialit\u00e9\"}]},{\"@type\":\"WebSite\",\"@id\":\"https:\\\/\\\/arioncoaching.com\\\/fr\\\/#website\",\"url\":\"https:\\\/\\\/arioncoaching.com\\\/fr\\\/\",\"name\":\"Arion Coaching\",\"description\":\"Coaching con Caballos en Finca Mangueta, Vejer de la Frontera, C\u00e1diz\",\"publisher\":{\"@id\":\"https:\\\/\\\/arioncoaching.com\\\/fr\\\/#organization\"},\"potentialAction\":[{\"@type\":\"SearchAction\",\"target\":{\"@type\":\"EntryPoint\",\"urlTemplate\":\"https:\\\/\\\/arioncoaching.com\\\/fr\\\/?s={search_term_string}\"},\"query-input\":{\"@type\":\"PropertyValueSpecification\",\"valueRequired\":true,\"valueName\":\"search_term_string\"}}],\"inLanguage\":\"fr-FR\"},{\"@type\":\"Organization\",\"@id\":\"https:\\\/\\\/arioncoaching.com\\\/fr\\\/#organization\",\"name\":\"Arion Coaching\",\"url\":\"https:\\\/\\\/arioncoaching.com\\\/fr\\\/\",\"logo\":{\"@type\":\"ImageObject\",\"inLanguage\":\"fr-FR\",\"@id\":\"https:\\\/\\\/arioncoaching.com\\\/fr\\\/#\\\/schema\\\/logo\\\/image\\\/\",\"url\":\"https:\\\/\\\/arioncoaching.com\\\/wp-content\\\/uploads\\\/2024\\\/06\\\/cropped-favicon.png\",\"contentUrl\":\"https:\\\/\\\/arioncoaching.com\\\/wp-content\\\/uploads\\\/2024\\\/06\\\/cropped-favicon.png\",\"width\":512,\"height\":512,\"caption\":\"Arion Coaching\"},\"image\":{\"@id\":\"https:\\\/\\\/arioncoaching.com\\\/fr\\\/#\\\/schema\\\/logo\\\/image\\\/\"},\"sameAs\":[\"https:\\\/\\\/www.instagram.com\\\/arion_coaching\\\/\"]}]}<\/script>\n<!-- \/ Yoast SEO plugin. -->","yoast_head_json":{"title":"Politique de Confidentialit\u00e9 - Arion Coaching","robots":{"index":"index","follow":"follow","max-snippet":"max-snippet:-1","max-image-preview":"max-image-preview:large","max-video-preview":"max-video-preview:-1"},"canonical":"https:\/\/arioncoaching.com\/fr\/politique-de-confidentialite\/","og_locale":"fr_FR","og_type":"article","og_title":"Politique de Confidentialit\u00e9 - Arion Coaching","og_description":"Votre vie priv\u00e9e est importante pour nous, c&rsquo;est pourquoi, \u00e0 travers cette politique, nous vous expliquons quelles donn\u00e9es nous collectons aupr\u00e8s des utilisateurs, comment nous les utilisons et \u00e0 quelles fins, entre autres indications. Pour votre information, nous ne demanderons jamais plus d&rsquo;informations que celles r\u00e9ellement n\u00e9cessaires pour les services requis ; nous ne les [&hellip;]","og_url":"https:\/\/arioncoaching.com\/fr\/politique-de-confidentialite\/","og_site_name":"Arion Coaching","article_modified_time":"2025-01-31T13:49:06+00:00","twitter_card":"summary_large_image","twitter_misc":{"Dur\u00e9e de lecture estim\u00e9e":"3 minutes"},"schema":{"@context":"https:\/\/schema.org","@graph":[{"@type":"WebPage","@id":"https:\/\/arioncoaching.com\/fr\/politique-de-confidentialite\/","url":"https:\/\/arioncoaching.com\/fr\/politique-de-confidentialite\/","name":"Politique de Confidentialit\u00e9 - Arion Coaching","isPartOf":{"@id":"https:\/\/arioncoaching.com\/fr\/#website"},"datePublished":"2024-06-12T07:21:52+00:00","dateModified":"2025-01-31T13:49:06+00:00","breadcrumb":{"@id":"https:\/\/arioncoaching.com\/fr\/politique-de-confidentialite\/#breadcrumb"},"inLanguage":"fr-FR","potentialAction":[{"@type":"ReadAction","target":["https:\/\/arioncoaching.com\/fr\/politique-de-confidentialite\/"]}]},{"@type":"BreadcrumbList","@id":"https:\/\/arioncoaching.com\/fr\/politique-de-confidentialite\/#breadcrumb","itemListElement":[{"@type":"ListItem","position":1,"name":"Portada","item":"https:\/\/arioncoaching.com\/fr\/"},{"@type":"ListItem","position":2,"name":"Politique de Confidentialit\u00e9"}]},{"@type":"WebSite","@id":"https:\/\/arioncoaching.com\/fr\/#website","url":"https:\/\/arioncoaching.com\/fr\/","name":"Arion Coaching","description":"Coaching con Caballos en Finca Mangueta, Vejer de la Frontera, C\u00e1diz","publisher":{"@id":"https:\/\/arioncoaching.com\/fr\/#organization"},"potentialAction":[{"@type":"SearchAction","target":{"@type":"EntryPoint","urlTemplate":"https:\/\/arioncoaching.com\/fr\/?s={search_term_string}"},"query-input":{"@type":"PropertyValueSpecification","valueRequired":true,"valueName":"search_term_string"}}],"inLanguage":"fr-FR"},{"@type":"Organization","@id":"https:\/\/arioncoaching.com\/fr\/#organization","name":"Arion Coaching","url":"https:\/\/arioncoaching.com\/fr\/","logo":{"@type":"ImageObject","inLanguage":"fr-FR","@id":"https:\/\/arioncoaching.com\/fr\/#\/schema\/logo\/image\/","url":"https:\/\/arioncoaching.com\/wp-content\/uploads\/2024\/06\/cropped-favicon.png","contentUrl":"https:\/\/arioncoaching.com\/wp-content\/uploads\/2024\/06\/cropped-favicon.png","width":512,"height":512,"caption":"Arion Coaching"},"image":{"@id":"https:\/\/arioncoaching.com\/fr\/#\/schema\/logo\/image\/"},"sameAs":["https:\/\/www.instagram.com\/arion_coaching\/"]}]}},"_links":{"self":[{"href":"https:\/\/arioncoaching.com\/fr\/wp-json\/wp\/v2\/pages\/1374","targetHints":{"allow":["GET"]}}],"collection":[{"href":"https:\/\/arioncoaching.com\/fr\/wp-json\/wp\/v2\/pages"}],"about":[{"href":"https:\/\/arioncoaching.com\/fr\/wp-json\/wp\/v2\/types\/page"}],"author":[{"embeddable":true,"href":"https:\/\/arioncoaching.com\/fr\/wp-json\/wp\/v2\/users\/1"}],"replies":[{"embeddable":true,"href":"https:\/\/arioncoaching.com\/fr\/wp-json\/wp\/v2\/comments?post=1374"}],"version-history":[{"count":1,"href":"https:\/\/arioncoaching.com\/fr\/wp-json\/wp\/v2\/pages\/1374\/revisions"}],"predecessor-version":[{"id":1375,"href":"https:\/\/arioncoaching.com\/fr\/wp-json\/wp\/v2\/pages\/1374\/revisions\/1375"}],"wp:attachment":[{"href":"https:\/\/arioncoaching.com\/fr\/wp-json\/wp\/v2\/media?parent=1374"}],"curies":[{"name":"wp","href":"https:\/\/api.w.org\/{rel}","templated":true}]}}