{"id":1363,"date":"2024-08-07T07:11:49","date_gmt":"2024-08-07T07:11:49","guid":{"rendered":"https:\/\/arioncoaching.com\/?page_id=1363"},"modified":"2025-01-31T13:34:37","modified_gmt":"2025-01-31T13:34:37","slug":"mentions-legales","status":"publish","type":"page","link":"https:\/\/arioncoaching.com\/fr\/mentions-legales\/","title":{"rendered":"Mentions l\u00e9gales"},"content":{"rendered":"<p>Conform\u00e9ment \u00e0 l&rsquo;article 10 de la loi 34\/2002 sur les services de la soci\u00e9t\u00e9 de l&rsquo;information et le commerce \u00e9lectronique, nous informons les utilisateurs de nos donn\u00e9es :<\/p>\n<p>D\u00e9nomination Sociale : <strong>Arion Coaching<\/strong> (Responsable : Mar\u00eda Antonia Argelich Guti\u00e9rrez)<\/p>\n<p>Adresse Si\u00e8ge Social : Centro Barrio Patr\u00eda 50, 11150 Vejer de la Frontera, Cadix<\/p>\n<p>Num\u00e9ro d\u2019Identification Fiscale : X4898160B<\/p>\n<p>T\u00e9l\u00e9phone : +34 606 72 72 36<\/p>\n<p>Email : <a href=\"mailto:info@arioncoaching.es\">info@arioncoaching.es<\/a><\/p>\n<p>Site Web : <a href=\"https:\/\/arioncoaching.com\/\">https:\/\/arioncoaching.com\/<\/a><\/p>\n<p><strong>1.- OBJECTIF<\/strong><\/p>\n<p><strong>Arion Coaching<\/strong> (ci-apr\u00e8s \u00e9galement d\u00e9sign\u00e9 comme le prestataire), en tant que responsable du site web, met ce document \u00e0 la disposition des utilisateurs afin de r\u00e9glementer l&rsquo;utilisation du site https:\/\/arioncoaching.com\/, dans le but de respecter les obligations \u00e9tablies par la loi 34\/2002 sur les services de la soci\u00e9t\u00e9 de l&rsquo;information et le commerce \u00e9lectronique (LSSICE ou LSSI) et d&rsquo;informer tous les utilisateurs des conditions d&rsquo;utilisation du site web.<\/p>\n<p>\u00c0 travers le site, <strong>Arion Coaching<\/strong> permet aux utilisateurs d\u2019acc\u00e9der et d\u2019utiliser diff\u00e9rents services et contenus mis \u00e0 disposition via le web.<\/p>\n<p>Toute personne acc\u00e9dant \u00e0 ce site assume le r\u00f4le d&rsquo;utilisateur (ci-apr\u00e8s l&rsquo;utilisateur), impliquant l&rsquo;acceptation totale et sans r\u00e9serve de toutes les dispositions incluses dans cet avis l\u00e9gal, ainsi que de toutes autres dispositions l\u00e9gales applicables.<\/p>\n<p>Les utilisateurs doivent lire attentivement cet Avis L\u00e9gal chaque fois qu&rsquo;ils acc\u00e8dent au site web, car il peut subir des modifications. Le prestataire se r\u00e9serve le droit de modifier toute information figurant sur le site web sans obligation de pr\u00e9avis, la simple publication sur le site web \u00e9tant suffisante.<\/p>\n","protected":false},"excerpt":{"rendered":"<p>Conform\u00e9ment \u00e0 l&rsquo;article 10 de la loi 34\/2002 sur les services de la soci\u00e9t\u00e9 de l&rsquo;information et le commerce \u00e9lectronique, nous informons les utilisateurs de nos donn\u00e9es : D\u00e9nomination Sociale : Arion Coaching (Responsable : Mar\u00eda Antonia Argelich Guti\u00e9rrez) Adresse Si\u00e8ge Social : Centro Barrio Patr\u00eda 50, 11150 Vejer de la Frontera, Cadix Num\u00e9ro d\u2019Identification [&hellip;]<\/p>\n","protected":false},"author":1,"featured_media":0,"parent":0,"menu_order":0,"comment_status":"closed","ping_status":"closed","template":"","meta":{"footnotes":""},"class_list":["post-1363","page","type-page","status-publish","hentry"],"yoast_head":"<!-- This site is optimized with the Yoast SEO plugin v27.3 - https:\/\/yoast.com\/product\/yoast-seo-wordpress\/ -->\n<title>Mentions l\u00e9gales - Arion Coaching<\/title>\n<meta name=\"robots\" content=\"index, follow, max-snippet:-1, max-image-preview:large, max-video-preview:-1\" \/>\n<link rel=\"canonical\" href=\"https:\/\/arioncoaching.com\/fr\/mentions-legales\/\" \/>\n<meta property=\"og:locale\" content=\"fr_FR\" \/>\n<meta property=\"og:type\" content=\"article\" \/>\n<meta property=\"og:title\" content=\"Mentions l\u00e9gales - Arion Coaching\" \/>\n<meta property=\"og:description\" content=\"Conform\u00e9ment \u00e0 l&rsquo;article 10 de la loi 34\/2002 sur les services de la soci\u00e9t\u00e9 de l&rsquo;information et le commerce \u00e9lectronique, nous informons les utilisateurs de nos donn\u00e9es : D\u00e9nomination Sociale : Arion Coaching (Responsable : Mar\u00eda Antonia Argelich Guti\u00e9rrez) Adresse Si\u00e8ge Social : Centro Barrio Patr\u00eda 50, 11150 Vejer de la Frontera, Cadix Num\u00e9ro d\u2019Identification [&hellip;]\" \/>\n<meta property=\"og:url\" content=\"https:\/\/arioncoaching.com\/fr\/mentions-legales\/\" \/>\n<meta property=\"og:site_name\" content=\"Arion Coaching\" \/>\n<meta property=\"article:modified_time\" content=\"2025-01-31T13:34:37+00:00\" \/>\n<meta name=\"twitter:card\" content=\"summary_large_image\" \/>\n<meta name=\"twitter:label1\" content=\"Dur\u00e9e de lecture estim\u00e9e\" \/>\n\t<meta name=\"twitter:data1\" content=\"2 minutes\" \/>\n<script type=\"application\/ld+json\" class=\"yoast-schema-graph\">{\"@context\":\"https:\\\/\\\/schema.org\",\"@graph\":[{\"@type\":\"WebPage\",\"@id\":\"https:\\\/\\\/arioncoaching.com\\\/fr\\\/mentions-legales\\\/\",\"url\":\"https:\\\/\\\/arioncoaching.com\\\/fr\\\/mentions-legales\\\/\",\"name\":\"Mentions l\u00e9gales - Arion Coaching\",\"isPartOf\":{\"@id\":\"https:\\\/\\\/arioncoaching.com\\\/fr\\\/#website\"},\"datePublished\":\"2024-08-07T07:11:49+00:00\",\"dateModified\":\"2025-01-31T13:34:37+00:00\",\"breadcrumb\":{\"@id\":\"https:\\\/\\\/arioncoaching.com\\\/fr\\\/mentions-legales\\\/#breadcrumb\"},\"inLanguage\":\"fr-FR\",\"potentialAction\":[{\"@type\":\"ReadAction\",\"target\":[\"https:\\\/\\\/arioncoaching.com\\\/fr\\\/mentions-legales\\\/\"]}]},{\"@type\":\"BreadcrumbList\",\"@id\":\"https:\\\/\\\/arioncoaching.com\\\/fr\\\/mentions-legales\\\/#breadcrumb\",\"itemListElement\":[{\"@type\":\"ListItem\",\"position\":1,\"name\":\"Portada\",\"item\":\"https:\\\/\\\/arioncoaching.com\\\/fr\\\/\"},{\"@type\":\"ListItem\",\"position\":2,\"name\":\"Mentions l\u00e9gales\"}]},{\"@type\":\"WebSite\",\"@id\":\"https:\\\/\\\/arioncoaching.com\\\/fr\\\/#website\",\"url\":\"https:\\\/\\\/arioncoaching.com\\\/fr\\\/\",\"name\":\"Arion Coaching\",\"description\":\"Coaching con Caballos en Finca Mangueta, Vejer de la Frontera, C\u00e1diz\",\"publisher\":{\"@id\":\"https:\\\/\\\/arioncoaching.com\\\/fr\\\/#organization\"},\"potentialAction\":[{\"@type\":\"SearchAction\",\"target\":{\"@type\":\"EntryPoint\",\"urlTemplate\":\"https:\\\/\\\/arioncoaching.com\\\/fr\\\/?s={search_term_string}\"},\"query-input\":{\"@type\":\"PropertyValueSpecification\",\"valueRequired\":true,\"valueName\":\"search_term_string\"}}],\"inLanguage\":\"fr-FR\"},{\"@type\":\"Organization\",\"@id\":\"https:\\\/\\\/arioncoaching.com\\\/fr\\\/#organization\",\"name\":\"Arion Coaching\",\"url\":\"https:\\\/\\\/arioncoaching.com\\\/fr\\\/\",\"logo\":{\"@type\":\"ImageObject\",\"inLanguage\":\"fr-FR\",\"@id\":\"https:\\\/\\\/arioncoaching.com\\\/fr\\\/#\\\/schema\\\/logo\\\/image\\\/\",\"url\":\"https:\\\/\\\/arioncoaching.com\\\/wp-content\\\/uploads\\\/2024\\\/06\\\/cropped-favicon.png\",\"contentUrl\":\"https:\\\/\\\/arioncoaching.com\\\/wp-content\\\/uploads\\\/2024\\\/06\\\/cropped-favicon.png\",\"width\":512,\"height\":512,\"caption\":\"Arion Coaching\"},\"image\":{\"@id\":\"https:\\\/\\\/arioncoaching.com\\\/fr\\\/#\\\/schema\\\/logo\\\/image\\\/\"},\"sameAs\":[\"https:\\\/\\\/www.instagram.com\\\/arion_coaching\\\/\"]}]}<\/script>\n<!-- \/ Yoast SEO plugin. -->","yoast_head_json":{"title":"Mentions l\u00e9gales - Arion Coaching","robots":{"index":"index","follow":"follow","max-snippet":"max-snippet:-1","max-image-preview":"max-image-preview:large","max-video-preview":"max-video-preview:-1"},"canonical":"https:\/\/arioncoaching.com\/fr\/mentions-legales\/","og_locale":"fr_FR","og_type":"article","og_title":"Mentions l\u00e9gales - Arion Coaching","og_description":"Conform\u00e9ment \u00e0 l&rsquo;article 10 de la loi 34\/2002 sur les services de la soci\u00e9t\u00e9 de l&rsquo;information et le commerce \u00e9lectronique, nous informons les utilisateurs de nos donn\u00e9es : D\u00e9nomination Sociale : Arion Coaching (Responsable : Mar\u00eda Antonia Argelich Guti\u00e9rrez) Adresse Si\u00e8ge Social : Centro Barrio Patr\u00eda 50, 11150 Vejer de la Frontera, Cadix Num\u00e9ro d\u2019Identification [&hellip;]","og_url":"https:\/\/arioncoaching.com\/fr\/mentions-legales\/","og_site_name":"Arion Coaching","article_modified_time":"2025-01-31T13:34:37+00:00","twitter_card":"summary_large_image","twitter_misc":{"Dur\u00e9e de lecture estim\u00e9e":"2 minutes"},"schema":{"@context":"https:\/\/schema.org","@graph":[{"@type":"WebPage","@id":"https:\/\/arioncoaching.com\/fr\/mentions-legales\/","url":"https:\/\/arioncoaching.com\/fr\/mentions-legales\/","name":"Mentions l\u00e9gales - Arion Coaching","isPartOf":{"@id":"https:\/\/arioncoaching.com\/fr\/#website"},"datePublished":"2024-08-07T07:11:49+00:00","dateModified":"2025-01-31T13:34:37+00:00","breadcrumb":{"@id":"https:\/\/arioncoaching.com\/fr\/mentions-legales\/#breadcrumb"},"inLanguage":"fr-FR","potentialAction":[{"@type":"ReadAction","target":["https:\/\/arioncoaching.com\/fr\/mentions-legales\/"]}]},{"@type":"BreadcrumbList","@id":"https:\/\/arioncoaching.com\/fr\/mentions-legales\/#breadcrumb","itemListElement":[{"@type":"ListItem","position":1,"name":"Portada","item":"https:\/\/arioncoaching.com\/fr\/"},{"@type":"ListItem","position":2,"name":"Mentions l\u00e9gales"}]},{"@type":"WebSite","@id":"https:\/\/arioncoaching.com\/fr\/#website","url":"https:\/\/arioncoaching.com\/fr\/","name":"Arion Coaching","description":"Coaching con Caballos en Finca Mangueta, Vejer de la Frontera, C\u00e1diz","publisher":{"@id":"https:\/\/arioncoaching.com\/fr\/#organization"},"potentialAction":[{"@type":"SearchAction","target":{"@type":"EntryPoint","urlTemplate":"https:\/\/arioncoaching.com\/fr\/?s={search_term_string}"},"query-input":{"@type":"PropertyValueSpecification","valueRequired":true,"valueName":"search_term_string"}}],"inLanguage":"fr-FR"},{"@type":"Organization","@id":"https:\/\/arioncoaching.com\/fr\/#organization","name":"Arion Coaching","url":"https:\/\/arioncoaching.com\/fr\/","logo":{"@type":"ImageObject","inLanguage":"fr-FR","@id":"https:\/\/arioncoaching.com\/fr\/#\/schema\/logo\/image\/","url":"https:\/\/arioncoaching.com\/wp-content\/uploads\/2024\/06\/cropped-favicon.png","contentUrl":"https:\/\/arioncoaching.com\/wp-content\/uploads\/2024\/06\/cropped-favicon.png","width":512,"height":512,"caption":"Arion Coaching"},"image":{"@id":"https:\/\/arioncoaching.com\/fr\/#\/schema\/logo\/image\/"},"sameAs":["https:\/\/www.instagram.com\/arion_coaching\/"]}]}},"_links":{"self":[{"href":"https:\/\/arioncoaching.com\/fr\/wp-json\/wp\/v2\/pages\/1363","targetHints":{"allow":["GET"]}}],"collection":[{"href":"https:\/\/arioncoaching.com\/fr\/wp-json\/wp\/v2\/pages"}],"about":[{"href":"https:\/\/arioncoaching.com\/fr\/wp-json\/wp\/v2\/types\/page"}],"author":[{"embeddable":true,"href":"https:\/\/arioncoaching.com\/fr\/wp-json\/wp\/v2\/users\/1"}],"replies":[{"embeddable":true,"href":"https:\/\/arioncoaching.com\/fr\/wp-json\/wp\/v2\/comments?post=1363"}],"version-history":[{"count":1,"href":"https:\/\/arioncoaching.com\/fr\/wp-json\/wp\/v2\/pages\/1363\/revisions"}],"predecessor-version":[{"id":1364,"href":"https:\/\/arioncoaching.com\/fr\/wp-json\/wp\/v2\/pages\/1363\/revisions\/1364"}],"wp:attachment":[{"href":"https:\/\/arioncoaching.com\/fr\/wp-json\/wp\/v2\/media?parent=1363"}],"curies":[{"name":"wp","href":"https:\/\/api.w.org\/{rel}","templated":true}]}}