{"id":1291,"date":"2024-06-14T06:14:19","date_gmt":"2024-06-14T06:14:19","guid":{"rendered":"https:\/\/arioncoaching.com\/contact\/"},"modified":"2025-03-09T11:33:42","modified_gmt":"2025-03-09T11:33:42","slug":"contact","status":"publish","type":"page","link":"https:\/\/arioncoaching.com\/fr\/contact\/","title":{"rendered":"Contact"},"content":{"rendered":"\n\n<p>Dans une enclave unique o\u00f9 vous pourrez sentir la nature, entour\u00e9 d\u2019une for\u00eat d\u2019oliviers sauvages.<\/p>\n<p>Nous sommes situ\u00e9s sur la plage de Mangueta sur la C\u00f4te de Vejer, \u00e0 10 minutes de la plage de El Palmar, de <strong>Vejer de la Frontera<\/strong> et \u00e0 moins de 40 minutes de Cadix, en Andalousie.<\/p>\n<p>Autres lieux disponibles:<\/p>\n<ul>\n<li>Carmona (S\u00e9ville)<\/li>\n<li>M\u00e1laga ( prochainement)<\/li>\n<\/ul>\n\n<figure class=\"wp-block-image size-full\"><img loading=\"lazy\" decoding=\"async\" width=\"2560\" height=\"1440\" src=\"https:\/\/arioncoaching.com\/wp-content\/uploads\/2025\/03\/Lugar-Eventos-Liderazgo-Cadiz-scaled.jpg\" alt class=\"wp-image-1458\" srcset=\"https:\/\/arioncoaching.com\/wp-content\/uploads\/2025\/03\/Lugar-Eventos-Liderazgo-Cadiz-scaled.jpg 2560w, https:\/\/arioncoaching.com\/wp-content\/uploads\/2025\/03\/Lugar-Eventos-Liderazgo-Cadiz-300x169.jpg 300w, https:\/\/arioncoaching.com\/wp-content\/uploads\/2025\/03\/Lugar-Eventos-Liderazgo-Cadiz-1024x576.jpg 1024w, https:\/\/arioncoaching.com\/wp-content\/uploads\/2025\/03\/Lugar-Eventos-Liderazgo-Cadiz-768x432.jpg 768w, https:\/\/arioncoaching.com\/wp-content\/uploads\/2025\/03\/Lugar-Eventos-Liderazgo-Cadiz-1536x864.jpg 1536w, https:\/\/arioncoaching.com\/wp-content\/uploads\/2025\/03\/Lugar-Eventos-Liderazgo-Cadiz-2048x1152.jpg 2048w\" sizes=\"auto, (max-width: 2560px) 100vw, 2560px\" \/><\/figure>\n\n<figure class=\"wp-block-image size-full\"><img decoding=\"async\" src=\"https:\/\/arioncoaching.com\/wp-content\/uploads\/2024\/06\/lifestyle-blog-blob-04.svg\" alt class=\"wp-image-31\" width=\"250\"><\/figure>\n\n<figure class=\"wp-block-image size-full\"><img decoding=\"async\" src=\"https:\/\/arioncoaching.com\/wp-content\/uploads\/2024\/06\/lifestyle-blog-blob-05.svg\" alt class=\"wp-image-32\"><\/figure>\n\n<h1 class=\"wp-block-heading\">{post_title}<\/h1>\n\n<p><iframe loading=\"lazy\" style=\"border: 0;\" src=\"https:\/\/www.google.com\/maps\/embed?pb=!1m18!1m12!1m3!1d4552.221982143577!2d-6.0493861!3d36.209095999999995!2m3!1f0!2f0!3f0!3m2!1i1024!2i768!4f13.1!3m3!1m2!1s0xd0c470582a21e37%3A0xe9f859a9c3310076!2sAri%C3%B3n%20Coaching!5e1!3m2!1ses!2ses!4v1720957460956!5m2!1ses!2ses\" width=\"2240\" height=\"300\" allowfullscreen=\"allowfullscreen\"><\/iframe><\/p>\n\n<h2 class=\"wp-block-heading\">O\u00f9 sommes-nous?<\/h2>","protected":false},"excerpt":{"rendered":"<p>Dans une enclave unique o\u00f9 vous pourrez sentir la nature, entour\u00e9 d\u2019une for\u00eat d\u2019oliviers sauvages. Nous sommes situ\u00e9s sur la plage de Mangueta sur la C\u00f4te de Vejer, \u00e0 10 minutes de la plage de El Palmar, de Vejer de la Frontera et \u00e0 moins de 40 minutes de Cadix, en Andalousie. Autres lieux disponibles: [&hellip;]<\/p>\n","protected":false},"author":1,"featured_media":0,"parent":0,"menu_order":0,"comment_status":"closed","ping_status":"closed","template":"","meta":{"footnotes":""},"class_list":["post-1291","page","type-page","status-publish","hentry"],"yoast_head":"<!-- This site is optimized with the Yoast SEO plugin v27.3 - https:\/\/yoast.com\/product\/yoast-seo-wordpress\/ -->\n<title>Contact - Arion Coaching<\/title>\n<meta name=\"robots\" content=\"index, follow, max-snippet:-1, max-image-preview:large, max-video-preview:-1\" \/>\n<link rel=\"canonical\" href=\"https:\/\/arioncoaching.com\/fr\/contact\/\" \/>\n<meta property=\"og:locale\" content=\"fr_FR\" \/>\n<meta property=\"og:type\" content=\"article\" \/>\n<meta property=\"og:title\" content=\"Contact - Arion Coaching\" \/>\n<meta property=\"og:description\" content=\"Dans une enclave unique o\u00f9 vous pourrez sentir la nature, entour\u00e9 d\u2019une for\u00eat d\u2019oliviers sauvages. Nous sommes situ\u00e9s sur la plage de Mangueta sur la C\u00f4te de Vejer, \u00e0 10 minutes de la plage de El Palmar, de Vejer de la Frontera et \u00e0 moins de 40 minutes de Cadix, en Andalousie. Autres lieux disponibles: [&hellip;]\" \/>\n<meta property=\"og:url\" content=\"https:\/\/arioncoaching.com\/fr\/contact\/\" \/>\n<meta property=\"og:site_name\" content=\"Arion Coaching\" \/>\n<meta property=\"article:modified_time\" content=\"2025-03-09T11:33:42+00:00\" \/>\n<meta property=\"og:image\" content=\"https:\/\/arioncoaching.com\/wp-content\/uploads\/2025\/03\/Lugar-Eventos-Liderazgo-Cadiz-scaled.jpg\" \/>\n\t<meta property=\"og:image:width\" content=\"2560\" \/>\n\t<meta property=\"og:image:height\" content=\"1440\" \/>\n\t<meta property=\"og:image:type\" content=\"image\/jpeg\" \/>\n<meta name=\"twitter:card\" content=\"summary_large_image\" \/>\n<script type=\"application\/ld+json\" class=\"yoast-schema-graph\">{\"@context\":\"https:\\\/\\\/schema.org\",\"@graph\":[{\"@type\":\"WebPage\",\"@id\":\"https:\\\/\\\/arioncoaching.com\\\/fr\\\/contact\\\/\",\"url\":\"https:\\\/\\\/arioncoaching.com\\\/fr\\\/contact\\\/\",\"name\":\"Contact - Arion Coaching\",\"isPartOf\":{\"@id\":\"https:\\\/\\\/arioncoaching.com\\\/fr\\\/#website\"},\"primaryImageOfPage\":{\"@id\":\"https:\\\/\\\/arioncoaching.com\\\/fr\\\/contact\\\/#primaryimage\"},\"image\":{\"@id\":\"https:\\\/\\\/arioncoaching.com\\\/fr\\\/contact\\\/#primaryimage\"},\"thumbnailUrl\":\"https:\\\/\\\/arioncoaching.com\\\/wp-content\\\/uploads\\\/2025\\\/03\\\/Lugar-Eventos-Liderazgo-Cadiz-scaled.jpg\",\"datePublished\":\"2024-06-14T06:14:19+00:00\",\"dateModified\":\"2025-03-09T11:33:42+00:00\",\"breadcrumb\":{\"@id\":\"https:\\\/\\\/arioncoaching.com\\\/fr\\\/contact\\\/#breadcrumb\"},\"inLanguage\":\"fr-FR\",\"potentialAction\":[{\"@type\":\"ReadAction\",\"target\":[\"https:\\\/\\\/arioncoaching.com\\\/fr\\\/contact\\\/\"]}]},{\"@type\":\"ImageObject\",\"inLanguage\":\"fr-FR\",\"@id\":\"https:\\\/\\\/arioncoaching.com\\\/fr\\\/contact\\\/#primaryimage\",\"url\":\"https:\\\/\\\/arioncoaching.com\\\/wp-content\\\/uploads\\\/2025\\\/03\\\/Lugar-Eventos-Liderazgo-Cadiz-scaled.jpg\",\"contentUrl\":\"https:\\\/\\\/arioncoaching.com\\\/wp-content\\\/uploads\\\/2025\\\/03\\\/Lugar-Eventos-Liderazgo-Cadiz-scaled.jpg\"},{\"@type\":\"BreadcrumbList\",\"@id\":\"https:\\\/\\\/arioncoaching.com\\\/fr\\\/contact\\\/#breadcrumb\",\"itemListElement\":[{\"@type\":\"ListItem\",\"position\":1,\"name\":\"Portada\",\"item\":\"https:\\\/\\\/arioncoaching.com\\\/fr\\\/\"},{\"@type\":\"ListItem\",\"position\":2,\"name\":\"Contact\"}]},{\"@type\":\"WebSite\",\"@id\":\"https:\\\/\\\/arioncoaching.com\\\/fr\\\/#website\",\"url\":\"https:\\\/\\\/arioncoaching.com\\\/fr\\\/\",\"name\":\"Arion Coaching\",\"description\":\"Coaching con Caballos en Finca Mangueta, Vejer de la Frontera, C\u00e1diz\",\"publisher\":{\"@id\":\"https:\\\/\\\/arioncoaching.com\\\/fr\\\/#organization\"},\"potentialAction\":[{\"@type\":\"SearchAction\",\"target\":{\"@type\":\"EntryPoint\",\"urlTemplate\":\"https:\\\/\\\/arioncoaching.com\\\/fr\\\/?s={search_term_string}\"},\"query-input\":{\"@type\":\"PropertyValueSpecification\",\"valueRequired\":true,\"valueName\":\"search_term_string\"}}],\"inLanguage\":\"fr-FR\"},{\"@type\":\"Organization\",\"@id\":\"https:\\\/\\\/arioncoaching.com\\\/fr\\\/#organization\",\"name\":\"Arion Coaching\",\"url\":\"https:\\\/\\\/arioncoaching.com\\\/fr\\\/\",\"logo\":{\"@type\":\"ImageObject\",\"inLanguage\":\"fr-FR\",\"@id\":\"https:\\\/\\\/arioncoaching.com\\\/fr\\\/#\\\/schema\\\/logo\\\/image\\\/\",\"url\":\"https:\\\/\\\/arioncoaching.com\\\/wp-content\\\/uploads\\\/2024\\\/06\\\/cropped-favicon.png\",\"contentUrl\":\"https:\\\/\\\/arioncoaching.com\\\/wp-content\\\/uploads\\\/2024\\\/06\\\/cropped-favicon.png\",\"width\":512,\"height\":512,\"caption\":\"Arion Coaching\"},\"image\":{\"@id\":\"https:\\\/\\\/arioncoaching.com\\\/fr\\\/#\\\/schema\\\/logo\\\/image\\\/\"},\"sameAs\":[\"https:\\\/\\\/www.instagram.com\\\/arion_coaching\\\/\"]}]}<\/script>\n<!-- \/ Yoast SEO plugin. -->","yoast_head_json":{"title":"Contact - Arion Coaching","robots":{"index":"index","follow":"follow","max-snippet":"max-snippet:-1","max-image-preview":"max-image-preview:large","max-video-preview":"max-video-preview:-1"},"canonical":"https:\/\/arioncoaching.com\/fr\/contact\/","og_locale":"fr_FR","og_type":"article","og_title":"Contact - Arion Coaching","og_description":"Dans une enclave unique o\u00f9 vous pourrez sentir la nature, entour\u00e9 d\u2019une for\u00eat d\u2019oliviers sauvages. Nous sommes situ\u00e9s sur la plage de Mangueta sur la C\u00f4te de Vejer, \u00e0 10 minutes de la plage de El Palmar, de Vejer de la Frontera et \u00e0 moins de 40 minutes de Cadix, en Andalousie. Autres lieux disponibles: [&hellip;]","og_url":"https:\/\/arioncoaching.com\/fr\/contact\/","og_site_name":"Arion Coaching","article_modified_time":"2025-03-09T11:33:42+00:00","og_image":[{"width":2560,"height":1440,"url":"https:\/\/arioncoaching.com\/wp-content\/uploads\/2025\/03\/Lugar-Eventos-Liderazgo-Cadiz-scaled.jpg","type":"image\/jpeg"}],"twitter_card":"summary_large_image","schema":{"@context":"https:\/\/schema.org","@graph":[{"@type":"WebPage","@id":"https:\/\/arioncoaching.com\/fr\/contact\/","url":"https:\/\/arioncoaching.com\/fr\/contact\/","name":"Contact - Arion Coaching","isPartOf":{"@id":"https:\/\/arioncoaching.com\/fr\/#website"},"primaryImageOfPage":{"@id":"https:\/\/arioncoaching.com\/fr\/contact\/#primaryimage"},"image":{"@id":"https:\/\/arioncoaching.com\/fr\/contact\/#primaryimage"},"thumbnailUrl":"https:\/\/arioncoaching.com\/wp-content\/uploads\/2025\/03\/Lugar-Eventos-Liderazgo-Cadiz-scaled.jpg","datePublished":"2024-06-14T06:14:19+00:00","dateModified":"2025-03-09T11:33:42+00:00","breadcrumb":{"@id":"https:\/\/arioncoaching.com\/fr\/contact\/#breadcrumb"},"inLanguage":"fr-FR","potentialAction":[{"@type":"ReadAction","target":["https:\/\/arioncoaching.com\/fr\/contact\/"]}]},{"@type":"ImageObject","inLanguage":"fr-FR","@id":"https:\/\/arioncoaching.com\/fr\/contact\/#primaryimage","url":"https:\/\/arioncoaching.com\/wp-content\/uploads\/2025\/03\/Lugar-Eventos-Liderazgo-Cadiz-scaled.jpg","contentUrl":"https:\/\/arioncoaching.com\/wp-content\/uploads\/2025\/03\/Lugar-Eventos-Liderazgo-Cadiz-scaled.jpg"},{"@type":"BreadcrumbList","@id":"https:\/\/arioncoaching.com\/fr\/contact\/#breadcrumb","itemListElement":[{"@type":"ListItem","position":1,"name":"Portada","item":"https:\/\/arioncoaching.com\/fr\/"},{"@type":"ListItem","position":2,"name":"Contact"}]},{"@type":"WebSite","@id":"https:\/\/arioncoaching.com\/fr\/#website","url":"https:\/\/arioncoaching.com\/fr\/","name":"Arion Coaching","description":"Coaching con Caballos en Finca Mangueta, Vejer de la Frontera, C\u00e1diz","publisher":{"@id":"https:\/\/arioncoaching.com\/fr\/#organization"},"potentialAction":[{"@type":"SearchAction","target":{"@type":"EntryPoint","urlTemplate":"https:\/\/arioncoaching.com\/fr\/?s={search_term_string}"},"query-input":{"@type":"PropertyValueSpecification","valueRequired":true,"valueName":"search_term_string"}}],"inLanguage":"fr-FR"},{"@type":"Organization","@id":"https:\/\/arioncoaching.com\/fr\/#organization","name":"Arion Coaching","url":"https:\/\/arioncoaching.com\/fr\/","logo":{"@type":"ImageObject","inLanguage":"fr-FR","@id":"https:\/\/arioncoaching.com\/fr\/#\/schema\/logo\/image\/","url":"https:\/\/arioncoaching.com\/wp-content\/uploads\/2024\/06\/cropped-favicon.png","contentUrl":"https:\/\/arioncoaching.com\/wp-content\/uploads\/2024\/06\/cropped-favicon.png","width":512,"height":512,"caption":"Arion Coaching"},"image":{"@id":"https:\/\/arioncoaching.com\/fr\/#\/schema\/logo\/image\/"},"sameAs":["https:\/\/www.instagram.com\/arion_coaching\/"]}]}},"_links":{"self":[{"href":"https:\/\/arioncoaching.com\/fr\/wp-json\/wp\/v2\/pages\/1291","targetHints":{"allow":["GET"]}}],"collection":[{"href":"https:\/\/arioncoaching.com\/fr\/wp-json\/wp\/v2\/pages"}],"about":[{"href":"https:\/\/arioncoaching.com\/fr\/wp-json\/wp\/v2\/types\/page"}],"author":[{"embeddable":true,"href":"https:\/\/arioncoaching.com\/fr\/wp-json\/wp\/v2\/users\/1"}],"replies":[{"embeddable":true,"href":"https:\/\/arioncoaching.com\/fr\/wp-json\/wp\/v2\/comments?post=1291"}],"version-history":[{"count":4,"href":"https:\/\/arioncoaching.com\/fr\/wp-json\/wp\/v2\/pages\/1291\/revisions"}],"predecessor-version":[{"id":1472,"href":"https:\/\/arioncoaching.com\/fr\/wp-json\/wp\/v2\/pages\/1291\/revisions\/1472"}],"wp:attachment":[{"href":"https:\/\/arioncoaching.com\/fr\/wp-json\/wp\/v2\/media?parent=1291"}],"curies":[{"name":"wp","href":"https:\/\/api.w.org\/{rel}","templated":true}]}}