{"id":1287,"date":"2024-06-14T06:14:09","date_gmt":"2024-06-14T06:14:09","guid":{"rendered":"https:\/\/arioncoaching.com\/consciencieux\/"},"modified":"2025-02-03T12:02:56","modified_gmt":"2025-02-03T12:02:56","slug":"consciencieux","status":"publish","type":"page","link":"https:\/\/arioncoaching.com\/fr\/consciencieux\/","title":{"rendered":"Mindfulness"},"content":{"rendered":"<div id=\"particulier\" class=\"container-fluid toggleParticulier\">\n<div class=\"container\">\n<div class=\"row\">\n<div class=\"col-12\">\n<div class=\"col-lg-5\">\n<div class=\"contenu\">\n<p>Mindfulness c\u2019est la pleine conscience, de soi, des autres et de son environnement, en utilisant tous ses sens. Cela permet \u00e0 chacun de cultiver sa r\u00e9silience, en adoptant des mani\u00e8res d\u2019\u00eatre et d\u2019agir plus positives et efficaces. Les chevaux sont des animaux tr\u00e8s sociaux et \u00e9motionnels, capables de percevoir imm\u00e9diatement nos \u00e9motions et contribueront \u00e0 notre \u00e9veil.  <\/p>\n<\/div>\n<\/div>\n<\/div>\n<\/div>\n<\/div>\n<\/div><p>Immerg\u00e9s dans la nature, entour\u00e9s de chevaux, nous observerons les troupeaux d\u2019\u00e9quid\u00e9s. Nous allons observer comment ils vivent, comment ils se d\u00e9placent, comment ils interagissent les uns avec les autres, et nous d\u00e9couvrirons pourquoi ils sont de v\u00e9ritables ma\u00eetres dans la pratique du \u00abici\u00bb et \u00abmaintenant\u00bb et de fabuleux indicateurs d\u2019authenticit\u00e9 et de coh\u00e9rence. Ensuite, nous pratiquerons diverses techniques de pleine conscience, pour vivre dans le pr\u00e9sent, \u00eatre dans l\u2019instant, reconna\u00eetre ce qui se passe pendant que cela se produit, accepter activement de laisser libre cours \u00e0 l\u2019exp\u00e9rience telle qu\u2019elle se produit. Pas de connaissances pr\u00e9alables requises de m\u00e9ditation ou d\u2018\u00e9quitation. La pratique se r\u00e9alise au sol. Le cheval est simple sujet d\u2019observation.   <\/p><figure class=\"wp-block-image size-full\"><img decoding=\"async\" src=\"https:\/\/arioncoaching.com\/wp-content\/uploads\/2024\/06\/lifestyle-blog-blob-04.svg\" alt=\"\" class=\"wp-image-31\" width=\"250\"\/><\/figure><figure class=\"wp-block-image size-full\"><img decoding=\"async\" src=\"https:\/\/arioncoaching.com\/wp-content\/uploads\/2024\/06\/lifestyle-blog-blob-05.svg\" alt=\"\" class=\"wp-image-32\"\/><\/figure><figure class=\"wp-block-image size-full\"><img decoding=\"async\" src=\"https:\/\/arioncoaching.com\/wp-content\/uploads\/2024\/06\/lifestyle-blog-blob-01.svg\" alt=\"\" class=\"wp-image-29\"\/><\/figure><h1 class=\"wp-block-heading\">{post_title}<\/h1>","protected":false},"excerpt":{"rendered":"<p>Mindfulness c\u2019est la pleine conscience, de soi, des autres et de son environnement, en utilisant tous ses sens. Cela permet \u00e0 chacun de cultiver sa r\u00e9silience, en adoptant des mani\u00e8res d\u2019\u00eatre et d\u2019agir plus positives et efficaces. Les chevaux sont des animaux tr\u00e8s sociaux et \u00e9motionnels, capables de percevoir imm\u00e9diatement nos \u00e9motions et contribueront \u00e0 [&hellip;]<\/p>\n","protected":false},"author":1,"featured_media":0,"parent":0,"menu_order":0,"comment_status":"closed","ping_status":"closed","template":"","meta":{"footnotes":""},"class_list":["post-1287","page","type-page","status-publish","hentry"],"yoast_head":"<!-- This site is optimized with the Yoast SEO plugin v27.3 - https:\/\/yoast.com\/product\/yoast-seo-wordpress\/ -->\n<title>Mindfulness - Arion Coaching<\/title>\n<meta name=\"robots\" content=\"index, follow, max-snippet:-1, max-image-preview:large, max-video-preview:-1\" \/>\n<link rel=\"canonical\" href=\"https:\/\/arioncoaching.com\/fr\/consciencieux\/\" \/>\n<meta property=\"og:locale\" content=\"fr_FR\" \/>\n<meta property=\"og:type\" content=\"article\" \/>\n<meta property=\"og:title\" content=\"Mindfulness - Arion Coaching\" \/>\n<meta property=\"og:description\" content=\"Mindfulness c\u2019est la pleine conscience, de soi, des autres et de son environnement, en utilisant tous ses sens. Cela permet \u00e0 chacun de cultiver sa r\u00e9silience, en adoptant des mani\u00e8res d\u2019\u00eatre et d\u2019agir plus positives et efficaces. Les chevaux sont des animaux tr\u00e8s sociaux et \u00e9motionnels, capables de percevoir imm\u00e9diatement nos \u00e9motions et contribueront \u00e0 [&hellip;]\" \/>\n<meta property=\"og:url\" content=\"https:\/\/arioncoaching.com\/fr\/consciencieux\/\" \/>\n<meta property=\"og:site_name\" content=\"Arion Coaching\" \/>\n<meta property=\"article:modified_time\" content=\"2025-02-03T12:02:56+00:00\" \/>\n<meta name=\"twitter:card\" content=\"summary_large_image\" \/>\n<meta name=\"twitter:label1\" content=\"Dur\u00e9e de lecture estim\u00e9e\" \/>\n\t<meta name=\"twitter:data1\" content=\"1 minute\" \/>\n<script type=\"application\/ld+json\" class=\"yoast-schema-graph\">{\"@context\":\"https:\\\/\\\/schema.org\",\"@graph\":[{\"@type\":\"WebPage\",\"@id\":\"https:\\\/\\\/arioncoaching.com\\\/fr\\\/consciencieux\\\/\",\"url\":\"https:\\\/\\\/arioncoaching.com\\\/fr\\\/consciencieux\\\/\",\"name\":\"Mindfulness - Arion Coaching\",\"isPartOf\":{\"@id\":\"https:\\\/\\\/arioncoaching.com\\\/fr\\\/#website\"},\"primaryImageOfPage\":{\"@id\":\"https:\\\/\\\/arioncoaching.com\\\/fr\\\/consciencieux\\\/#primaryimage\"},\"image\":{\"@id\":\"https:\\\/\\\/arioncoaching.com\\\/fr\\\/consciencieux\\\/#primaryimage\"},\"thumbnailUrl\":\"https:\\\/\\\/arioncoaching.com\\\/wp-content\\\/uploads\\\/2024\\\/06\\\/lifestyle-blog-blob-04.svg\",\"datePublished\":\"2024-06-14T06:14:09+00:00\",\"dateModified\":\"2025-02-03T12:02:56+00:00\",\"breadcrumb\":{\"@id\":\"https:\\\/\\\/arioncoaching.com\\\/fr\\\/consciencieux\\\/#breadcrumb\"},\"inLanguage\":\"fr-FR\",\"potentialAction\":[{\"@type\":\"ReadAction\",\"target\":[\"https:\\\/\\\/arioncoaching.com\\\/fr\\\/consciencieux\\\/\"]}]},{\"@type\":\"ImageObject\",\"inLanguage\":\"fr-FR\",\"@id\":\"https:\\\/\\\/arioncoaching.com\\\/fr\\\/consciencieux\\\/#primaryimage\",\"url\":\"https:\\\/\\\/arioncoaching.com\\\/wp-content\\\/uploads\\\/2024\\\/06\\\/lifestyle-blog-blob-04.svg\",\"contentUrl\":\"https:\\\/\\\/arioncoaching.com\\\/wp-content\\\/uploads\\\/2024\\\/06\\\/lifestyle-blog-blob-04.svg\"},{\"@type\":\"BreadcrumbList\",\"@id\":\"https:\\\/\\\/arioncoaching.com\\\/fr\\\/consciencieux\\\/#breadcrumb\",\"itemListElement\":[{\"@type\":\"ListItem\",\"position\":1,\"name\":\"Portada\",\"item\":\"https:\\\/\\\/arioncoaching.com\\\/fr\\\/\"},{\"@type\":\"ListItem\",\"position\":2,\"name\":\"Mindfulness\"}]},{\"@type\":\"WebSite\",\"@id\":\"https:\\\/\\\/arioncoaching.com\\\/fr\\\/#website\",\"url\":\"https:\\\/\\\/arioncoaching.com\\\/fr\\\/\",\"name\":\"Arion Coaching\",\"description\":\"Coaching con Caballos en Finca Mangueta, Vejer de la Frontera, C\u00e1diz\",\"publisher\":{\"@id\":\"https:\\\/\\\/arioncoaching.com\\\/fr\\\/#organization\"},\"potentialAction\":[{\"@type\":\"SearchAction\",\"target\":{\"@type\":\"EntryPoint\",\"urlTemplate\":\"https:\\\/\\\/arioncoaching.com\\\/fr\\\/?s={search_term_string}\"},\"query-input\":{\"@type\":\"PropertyValueSpecification\",\"valueRequired\":true,\"valueName\":\"search_term_string\"}}],\"inLanguage\":\"fr-FR\"},{\"@type\":\"Organization\",\"@id\":\"https:\\\/\\\/arioncoaching.com\\\/fr\\\/#organization\",\"name\":\"Arion Coaching\",\"url\":\"https:\\\/\\\/arioncoaching.com\\\/fr\\\/\",\"logo\":{\"@type\":\"ImageObject\",\"inLanguage\":\"fr-FR\",\"@id\":\"https:\\\/\\\/arioncoaching.com\\\/fr\\\/#\\\/schema\\\/logo\\\/image\\\/\",\"url\":\"https:\\\/\\\/arioncoaching.com\\\/wp-content\\\/uploads\\\/2024\\\/06\\\/cropped-favicon.png\",\"contentUrl\":\"https:\\\/\\\/arioncoaching.com\\\/wp-content\\\/uploads\\\/2024\\\/06\\\/cropped-favicon.png\",\"width\":512,\"height\":512,\"caption\":\"Arion Coaching\"},\"image\":{\"@id\":\"https:\\\/\\\/arioncoaching.com\\\/fr\\\/#\\\/schema\\\/logo\\\/image\\\/\"},\"sameAs\":[\"https:\\\/\\\/www.instagram.com\\\/arion_coaching\\\/\"]}]}<\/script>\n<!-- \/ Yoast SEO plugin. -->","yoast_head_json":{"title":"Mindfulness - Arion Coaching","robots":{"index":"index","follow":"follow","max-snippet":"max-snippet:-1","max-image-preview":"max-image-preview:large","max-video-preview":"max-video-preview:-1"},"canonical":"https:\/\/arioncoaching.com\/fr\/consciencieux\/","og_locale":"fr_FR","og_type":"article","og_title":"Mindfulness - Arion Coaching","og_description":"Mindfulness c\u2019est la pleine conscience, de soi, des autres et de son environnement, en utilisant tous ses sens. Cela permet \u00e0 chacun de cultiver sa r\u00e9silience, en adoptant des mani\u00e8res d\u2019\u00eatre et d\u2019agir plus positives et efficaces. Les chevaux sont des animaux tr\u00e8s sociaux et \u00e9motionnels, capables de percevoir imm\u00e9diatement nos \u00e9motions et contribueront \u00e0 [&hellip;]","og_url":"https:\/\/arioncoaching.com\/fr\/consciencieux\/","og_site_name":"Arion Coaching","article_modified_time":"2025-02-03T12:02:56+00:00","twitter_card":"summary_large_image","twitter_misc":{"Dur\u00e9e de lecture estim\u00e9e":"1 minute"},"schema":{"@context":"https:\/\/schema.org","@graph":[{"@type":"WebPage","@id":"https:\/\/arioncoaching.com\/fr\/consciencieux\/","url":"https:\/\/arioncoaching.com\/fr\/consciencieux\/","name":"Mindfulness - Arion Coaching","isPartOf":{"@id":"https:\/\/arioncoaching.com\/fr\/#website"},"primaryImageOfPage":{"@id":"https:\/\/arioncoaching.com\/fr\/consciencieux\/#primaryimage"},"image":{"@id":"https:\/\/arioncoaching.com\/fr\/consciencieux\/#primaryimage"},"thumbnailUrl":"https:\/\/arioncoaching.com\/wp-content\/uploads\/2024\/06\/lifestyle-blog-blob-04.svg","datePublished":"2024-06-14T06:14:09+00:00","dateModified":"2025-02-03T12:02:56+00:00","breadcrumb":{"@id":"https:\/\/arioncoaching.com\/fr\/consciencieux\/#breadcrumb"},"inLanguage":"fr-FR","potentialAction":[{"@type":"ReadAction","target":["https:\/\/arioncoaching.com\/fr\/consciencieux\/"]}]},{"@type":"ImageObject","inLanguage":"fr-FR","@id":"https:\/\/arioncoaching.com\/fr\/consciencieux\/#primaryimage","url":"https:\/\/arioncoaching.com\/wp-content\/uploads\/2024\/06\/lifestyle-blog-blob-04.svg","contentUrl":"https:\/\/arioncoaching.com\/wp-content\/uploads\/2024\/06\/lifestyle-blog-blob-04.svg"},{"@type":"BreadcrumbList","@id":"https:\/\/arioncoaching.com\/fr\/consciencieux\/#breadcrumb","itemListElement":[{"@type":"ListItem","position":1,"name":"Portada","item":"https:\/\/arioncoaching.com\/fr\/"},{"@type":"ListItem","position":2,"name":"Mindfulness"}]},{"@type":"WebSite","@id":"https:\/\/arioncoaching.com\/fr\/#website","url":"https:\/\/arioncoaching.com\/fr\/","name":"Arion Coaching","description":"Coaching con Caballos en Finca Mangueta, Vejer de la Frontera, C\u00e1diz","publisher":{"@id":"https:\/\/arioncoaching.com\/fr\/#organization"},"potentialAction":[{"@type":"SearchAction","target":{"@type":"EntryPoint","urlTemplate":"https:\/\/arioncoaching.com\/fr\/?s={search_term_string}"},"query-input":{"@type":"PropertyValueSpecification","valueRequired":true,"valueName":"search_term_string"}}],"inLanguage":"fr-FR"},{"@type":"Organization","@id":"https:\/\/arioncoaching.com\/fr\/#organization","name":"Arion Coaching","url":"https:\/\/arioncoaching.com\/fr\/","logo":{"@type":"ImageObject","inLanguage":"fr-FR","@id":"https:\/\/arioncoaching.com\/fr\/#\/schema\/logo\/image\/","url":"https:\/\/arioncoaching.com\/wp-content\/uploads\/2024\/06\/cropped-favicon.png","contentUrl":"https:\/\/arioncoaching.com\/wp-content\/uploads\/2024\/06\/cropped-favicon.png","width":512,"height":512,"caption":"Arion Coaching"},"image":{"@id":"https:\/\/arioncoaching.com\/fr\/#\/schema\/logo\/image\/"},"sameAs":["https:\/\/www.instagram.com\/arion_coaching\/"]}]}},"_links":{"self":[{"href":"https:\/\/arioncoaching.com\/fr\/wp-json\/wp\/v2\/pages\/1287","targetHints":{"allow":["GET"]}}],"collection":[{"href":"https:\/\/arioncoaching.com\/fr\/wp-json\/wp\/v2\/pages"}],"about":[{"href":"https:\/\/arioncoaching.com\/fr\/wp-json\/wp\/v2\/types\/page"}],"author":[{"embeddable":true,"href":"https:\/\/arioncoaching.com\/fr\/wp-json\/wp\/v2\/users\/1"}],"replies":[{"embeddable":true,"href":"https:\/\/arioncoaching.com\/fr\/wp-json\/wp\/v2\/comments?post=1287"}],"version-history":[{"count":3,"href":"https:\/\/arioncoaching.com\/fr\/wp-json\/wp\/v2\/pages\/1287\/revisions"}],"predecessor-version":[{"id":1332,"href":"https:\/\/arioncoaching.com\/fr\/wp-json\/wp\/v2\/pages\/1287\/revisions\/1332"}],"wp:attachment":[{"href":"https:\/\/arioncoaching.com\/fr\/wp-json\/wp\/v2\/media?parent=1287"}],"curies":[{"name":"wp","href":"https:\/\/api.w.org\/{rel}","templated":true}]}}