{"id":1283,"date":"2024-06-14T06:50:34","date_gmt":"2024-06-14T06:50:34","guid":{"rendered":"https:\/\/arioncoaching.com\/qui-sommes-nous\/"},"modified":"2025-05-26T10:07:01","modified_gmt":"2025-05-26T10:07:01","slug":"qui-sommes-nous","status":"publish","type":"page","link":"https:\/\/arioncoaching.com\/fr\/qui-sommes-nous\/","title":{"rendered":"Qui sommes-nous ?"},"content":{"rendered":"<h3 class=\"wp-block-heading\">Bonjour, je m\u2019appelle Ana\u00efs<\/h3><p>Mon r\u00eave devenu r\u00e9alit\u00e9, vivre entre mer et chevaux, et faire de ma passion mon m\u00e9tier. Coach Cheval certifi\u00e9, j\u2019accompagne les personnes dans leurs processus de changement et de d\u00e9veloppement tant personnel que professionnel, je les accompagne dans le d\u00e9passement de leurs blocages, la d\u00e9couverte de leur potentiel, l\u2019am\u00e9lioration de leurs comp\u00e9tences et l\u2019atteinte de leurs objectifs. <\/p>\n<p>Faisant mon propre processus de coaching, apr\u00e8s avoir v\u00e9cu dans plusieurs pays, j\u2019ai d\u00e9cid\u00e9 de faire le saut et de me consacrer au coaching avec les chevaux et en m\u00eame temps de m\u2019installer en Andalousie. Ma passion est d\u2019accompagner les gens dans leur croissance personnelle et professionnelle, de les accompagner dans leurs processus de changement, de d\u00e9veloppement et de valorisation de leurs qualit\u00e9s. Je crois fermement en l\u2019homme et en sa capacit\u00e9 \u00e0 se connecter \u00e0 soi-m\u00eame, \u00e0 l\u2019humanit\u00e9 de l\u2019autre et \u00e0 son environnement.  <\/p>\n<p><em>Pendant plus de 13 ans, j\u2019ai travaill\u00e9 dans le monde des ressources humaines dans le secteur du Retail pour des multinationales. J\u2019y ai forg\u00e9 une expertise en formation, d\u00e9veloppement, s\u00e9lection, communication, engagement et gestion du changement, travaillant main dans la main avec les managers et les employ\u00e9s vers les objectifs commerciaux. <\/em><\/p>\n<p>Dans cet environnement, j\u2019ai d\u00e9velopp\u00e9 mes capacit\u00e9s d\u2019\u00e9coute, de communication et d\u2019empathie pour aider les managers et les employ\u00e9s \u00e0 trouver les meilleures solutions pour leurs \u00e9quipes et leur propre d\u00e9veloppement professionnel. Forte d\u2019une solide exp\u00e9rience humaine dans le domaine de l\u2019entreprise et de mon exp\u00e9rience personnelle, je suis aujourd\u2019hui en mesure d\u2019apporter un accompagnement personnalis\u00e9 et unique en plusieurs langues (espagnol, fran\u00e7ais et anglais). <\/p>\n<p><strong><span class=\"gras\">Ana\u00efs B\u00e9ranger<\/span><\/strong><\/p><figure class=\"wp-block-image size-full\"><img loading=\"lazy\" decoding=\"async\" width=\"540\" height=\"540\" src=\"https:\/\/arioncoaching.com\/wp-content\/uploads\/2024\/06\/contacto.jpg\" alt=\"\" class=\"wp-image-71\" srcset=\"https:\/\/arioncoaching.com\/wp-content\/uploads\/2024\/06\/contacto.jpg 540w, https:\/\/arioncoaching.com\/wp-content\/uploads\/2024\/06\/contacto-300x300.jpg 300w, https:\/\/arioncoaching.com\/wp-content\/uploads\/2024\/06\/contacto-150x150.jpg 150w\" sizes=\"auto, (max-width: 540px) 100vw, 540px\" \/><\/figure><figure class=\"wp-block-image size-full\"><img decoding=\"async\" src=\"https:\/\/arioncoaching.com\/wp-content\/uploads\/2024\/06\/lifestyle-blog-blob-04.svg\" alt=\"\" class=\"wp-image-31\" width=\"250\"\/><\/figure><figure class=\"wp-block-image size-full\"><img decoding=\"async\" src=\"https:\/\/arioncoaching.com\/wp-content\/uploads\/2024\/06\/lifestyle-blog-blob-02.svg\" alt=\"\" class=\"wp-image-30\" width=\"250\"\/><\/figure><figure class=\"wp-block-image size-full\"><img decoding=\"async\" src=\"https:\/\/arioncoaching.com\/wp-content\/uploads\/2024\/06\/lifestyle-blog-blob-05.svg\" alt=\"\" class=\"wp-image-32\"\/><\/figure><figure class=\"wp-block-image size-full\"><img decoding=\"async\" src=\"https:\/\/arioncoaching.com\/wp-content\/uploads\/2024\/06\/lifestyle-blog-blob-03.svg\" alt=\"\" class=\"wp-image-33\"\/><\/figure><figure class=\"wp-block-image size-full\"><img decoding=\"async\" src=\"https:\/\/arioncoaching.com\/wp-content\/uploads\/2024\/06\/lifestyle-blog-blob-01.svg\" alt=\"\" class=\"wp-image-29\"\/><\/figure><h1 class=\"wp-block-heading\">{post_title}<\/h1><h3 class=\"wp-block-heading\">Les chevaux<\/h3><p>Nous avons un troupeau d\u2019environ 40 chevaux, la plupart d\u2019entre eux sont des chevaux, quelques \u00e2nes et poneys. Les chevaux vivent ensemble en libert\u00e9 dans des paddocks \u00e0 l\u2019ombre des oliviers sauvages. Dans le troupeau il y a des chevaux de toutes sortes, pure race anglaise, pure race espagnole, poulains, c\u00e2lins, espi\u00e8gles, avec du caract\u00e8re, ici ce qui pr\u00e9vaut, c\u2019est que chacun conserve sa personnalit\u00e9 et vit de la mani\u00e8re la plus naturelle possible.  <\/p><h3 class=\"wp-block-heading\">Ana\u00efs B\u00e9ranger, Coach y Fondatrice<\/h3><p>Mon r\u00eave devenu r\u00e9alit\u00e9, vivre entre mer et chevaux, et faire de ma passion mon m\u00e9tier. Coach Cheval certifi\u00e9, j\u2019accompagne les personnes dans leurs processus de changement et de d\u00e9veloppement tant personnel que professionnel, je les accompagne dans le d\u00e9passement de leurs blocages, la d\u00e9couverte de leur potentiel, l\u2019am\u00e9lioration de leurs comp\u00e9tences et l\u2019atteinte de leurs objectifs. <\/p>\n<p>Faisant mon propre processus de coaching, apr\u00e8s avoir v\u00e9cu dans plusieurs pays, j\u2019ai d\u00e9cid\u00e9 de faire le saut et de me consacrer au coaching avec les chevaux et en m\u00eame temps de m\u2019installer en Andalousie. Ma passion est d\u2019accompagner les gens dans leur croissance personnelle et professionnelle, de les accompagner dans leurs processus de changement, de d\u00e9veloppement et de valorisation de leurs qualit\u00e9s. Je crois fermement en l\u2019homme et en sa capacit\u00e9 \u00e0 se connecter \u00e0 soi-m\u00eame, \u00e0 l\u2019humanit\u00e9 de l\u2019autre et \u00e0 son environnement.  <\/p>\n<p><em>Pendant plus de 13 ans, j\u2019ai travaill\u00e9 dans le monde des ressources humaines dans le secteur du Retail pour des multinationales. J\u2019y ai forg\u00e9 une expertise en formation, d\u00e9veloppement, s\u00e9lection, communication, engagement et gestion du changement, travaillant main dans la main avec les managers et les employ\u00e9s vers les objectifs commerciaux. <\/em><\/p>\n<p>Dans cet environnement, j\u2019ai d\u00e9velopp\u00e9 mes capacit\u00e9s d\u2019\u00e9coute, de communication et d\u2019empathie pour aider les managers et les employ\u00e9s \u00e0 trouver les meilleures solutions pour leurs \u00e9quipes et leur propre d\u00e9veloppement professionnel. Forte d\u2019une solide exp\u00e9rience humaine dans le domaine de l\u2019entreprise et de mon exp\u00e9rience personnelle, je suis aujourd\u2019hui en mesure d\u2019apporter un accompagnement personnalis\u00e9 et unique en plusieurs langues (espagnol, fran\u00e7ais et anglais). <\/p><figure class=\"wp-block-image size-full\"><img loading=\"lazy\" decoding=\"async\" width=\"600\" height=\"811\" src=\"https:\/\/arioncoaching.com\/wp-content\/uploads\/2024\/11\/Anais-Beranger-Coach-y-Fundadora-1.jpg\" alt=\"\" class=\"wp-image-1172\" srcset=\"https:\/\/arioncoaching.com\/wp-content\/uploads\/2024\/11\/Anais-Beranger-Coach-y-Fundadora-1.jpg 600w, https:\/\/arioncoaching.com\/wp-content\/uploads\/2024\/11\/Anais-Beranger-Coach-y-Fundadora-1-222x300.jpg 222w\" sizes=\"auto, (max-width: 600px) 100vw, 600px\" \/><\/figure><ul class=\"wp-block-list\">\n<li><strong>2024<\/strong> PNL (Institut Gestalt)<\/li>\n<li><strong>2020<\/strong> MBSR Mindfulness Based Stress Reduction<br\/>(Institute EsMindfulness)<\/li>\n<li><strong>2018<\/strong> Equicoaching certifi\u00e9e par EICCE<br\/>(Escuela Internacional de Coaching con Caballos Equilibri)<\/li>\n<li><strong>2016<\/strong> Coaching Ontologique certifi\u00e9e par la ICF (International Coach Certification)<\/li>\n<li><strong>2013<\/strong> Master en Direction de Ressources Humaines, EAE Business School \/UPC<\/li>\n<\/ul><h4 class=\"wp-block-heading\">Ma formation<\/h4>","protected":false},"excerpt":{"rendered":"<p>Bonjour, je m\u2019appelle Ana\u00efs Mon r\u00eave devenu r\u00e9alit\u00e9, vivre entre mer et chevaux, et faire de ma passion mon m\u00e9tier. Coach Cheval certifi\u00e9, j\u2019accompagne les personnes dans leurs processus de changement et de d\u00e9veloppement tant personnel que professionnel, je les accompagne dans le d\u00e9passement de leurs blocages, la d\u00e9couverte de leur potentiel, l\u2019am\u00e9lioration de leurs [&hellip;]<\/p>\n","protected":false},"author":1,"featured_media":0,"parent":0,"menu_order":0,"comment_status":"closed","ping_status":"closed","template":"","meta":{"footnotes":""},"class_list":["post-1283","page","type-page","status-publish","hentry"],"yoast_head":"<!-- This site is optimized with the Yoast SEO plugin v27.3 - https:\/\/yoast.com\/product\/yoast-seo-wordpress\/ -->\n<title>Qui sommes-nous ? - Arion Coaching<\/title>\n<meta name=\"robots\" content=\"index, follow, max-snippet:-1, max-image-preview:large, max-video-preview:-1\" \/>\n<link rel=\"canonical\" href=\"https:\/\/arioncoaching.com\/fr\/qui-sommes-nous\/\" \/>\n<meta property=\"og:locale\" content=\"fr_FR\" \/>\n<meta property=\"og:type\" content=\"article\" \/>\n<meta property=\"og:title\" content=\"Qui sommes-nous ? - Arion Coaching\" \/>\n<meta property=\"og:description\" content=\"Bonjour, je m\u2019appelle Ana\u00efs Mon r\u00eave devenu r\u00e9alit\u00e9, vivre entre mer et chevaux, et faire de ma passion mon m\u00e9tier. Coach Cheval certifi\u00e9, j\u2019accompagne les personnes dans leurs processus de changement et de d\u00e9veloppement tant personnel que professionnel, je les accompagne dans le d\u00e9passement de leurs blocages, la d\u00e9couverte de leur potentiel, l\u2019am\u00e9lioration de leurs [&hellip;]\" \/>\n<meta property=\"og:url\" content=\"https:\/\/arioncoaching.com\/fr\/qui-sommes-nous\/\" \/>\n<meta property=\"og:site_name\" content=\"Arion Coaching\" \/>\n<meta property=\"article:modified_time\" content=\"2025-05-26T10:07:01+00:00\" \/>\n<meta property=\"og:image\" content=\"https:\/\/arioncoaching.com\/wp-content\/uploads\/2024\/06\/contacto.jpg\" \/>\n\t<meta property=\"og:image:width\" content=\"540\" \/>\n\t<meta property=\"og:image:height\" content=\"540\" \/>\n\t<meta property=\"og:image:type\" content=\"image\/jpeg\" \/>\n<meta name=\"twitter:card\" content=\"summary_large_image\" \/>\n<meta name=\"twitter:label1\" content=\"Dur\u00e9e de lecture estim\u00e9e\" \/>\n\t<meta name=\"twitter:data1\" content=\"4 minutes\" \/>\n<script type=\"application\/ld+json\" class=\"yoast-schema-graph\">{\"@context\":\"https:\\\/\\\/schema.org\",\"@graph\":[{\"@type\":\"WebPage\",\"@id\":\"https:\\\/\\\/arioncoaching.com\\\/fr\\\/qui-sommes-nous\\\/\",\"url\":\"https:\\\/\\\/arioncoaching.com\\\/fr\\\/qui-sommes-nous\\\/\",\"name\":\"Qui sommes-nous ? - Arion Coaching\",\"isPartOf\":{\"@id\":\"https:\\\/\\\/arioncoaching.com\\\/fr\\\/#website\"},\"primaryImageOfPage\":{\"@id\":\"https:\\\/\\\/arioncoaching.com\\\/fr\\\/qui-sommes-nous\\\/#primaryimage\"},\"image\":{\"@id\":\"https:\\\/\\\/arioncoaching.com\\\/fr\\\/qui-sommes-nous\\\/#primaryimage\"},\"thumbnailUrl\":\"https:\\\/\\\/arioncoaching.com\\\/wp-content\\\/uploads\\\/2024\\\/06\\\/contacto.jpg\",\"datePublished\":\"2024-06-14T06:50:34+00:00\",\"dateModified\":\"2025-05-26T10:07:01+00:00\",\"breadcrumb\":{\"@id\":\"https:\\\/\\\/arioncoaching.com\\\/fr\\\/qui-sommes-nous\\\/#breadcrumb\"},\"inLanguage\":\"fr-FR\",\"potentialAction\":[{\"@type\":\"ReadAction\",\"target\":[\"https:\\\/\\\/arioncoaching.com\\\/fr\\\/qui-sommes-nous\\\/\"]}]},{\"@type\":\"ImageObject\",\"inLanguage\":\"fr-FR\",\"@id\":\"https:\\\/\\\/arioncoaching.com\\\/fr\\\/qui-sommes-nous\\\/#primaryimage\",\"url\":\"https:\\\/\\\/arioncoaching.com\\\/wp-content\\\/uploads\\\/2024\\\/06\\\/contacto.jpg\",\"contentUrl\":\"https:\\\/\\\/arioncoaching.com\\\/wp-content\\\/uploads\\\/2024\\\/06\\\/contacto.jpg\"},{\"@type\":\"BreadcrumbList\",\"@id\":\"https:\\\/\\\/arioncoaching.com\\\/fr\\\/qui-sommes-nous\\\/#breadcrumb\",\"itemListElement\":[{\"@type\":\"ListItem\",\"position\":1,\"name\":\"Portada\",\"item\":\"https:\\\/\\\/arioncoaching.com\\\/fr\\\/\"},{\"@type\":\"ListItem\",\"position\":2,\"name\":\"Qui sommes-nous ?\"}]},{\"@type\":\"WebSite\",\"@id\":\"https:\\\/\\\/arioncoaching.com\\\/fr\\\/#website\",\"url\":\"https:\\\/\\\/arioncoaching.com\\\/fr\\\/\",\"name\":\"Arion Coaching\",\"description\":\"Coaching con Caballos en Finca Mangueta, Vejer de la Frontera, C\u00e1diz\",\"publisher\":{\"@id\":\"https:\\\/\\\/arioncoaching.com\\\/fr\\\/#organization\"},\"potentialAction\":[{\"@type\":\"SearchAction\",\"target\":{\"@type\":\"EntryPoint\",\"urlTemplate\":\"https:\\\/\\\/arioncoaching.com\\\/fr\\\/?s={search_term_string}\"},\"query-input\":{\"@type\":\"PropertyValueSpecification\",\"valueRequired\":true,\"valueName\":\"search_term_string\"}}],\"inLanguage\":\"fr-FR\"},{\"@type\":\"Organization\",\"@id\":\"https:\\\/\\\/arioncoaching.com\\\/fr\\\/#organization\",\"name\":\"Arion Coaching\",\"url\":\"https:\\\/\\\/arioncoaching.com\\\/fr\\\/\",\"logo\":{\"@type\":\"ImageObject\",\"inLanguage\":\"fr-FR\",\"@id\":\"https:\\\/\\\/arioncoaching.com\\\/fr\\\/#\\\/schema\\\/logo\\\/image\\\/\",\"url\":\"https:\\\/\\\/arioncoaching.com\\\/wp-content\\\/uploads\\\/2024\\\/06\\\/cropped-favicon.png\",\"contentUrl\":\"https:\\\/\\\/arioncoaching.com\\\/wp-content\\\/uploads\\\/2024\\\/06\\\/cropped-favicon.png\",\"width\":512,\"height\":512,\"caption\":\"Arion Coaching\"},\"image\":{\"@id\":\"https:\\\/\\\/arioncoaching.com\\\/fr\\\/#\\\/schema\\\/logo\\\/image\\\/\"},\"sameAs\":[\"https:\\\/\\\/www.instagram.com\\\/arion_coaching\\\/\"]}]}<\/script>\n<!-- \/ Yoast SEO plugin. -->","yoast_head_json":{"title":"Qui sommes-nous ? - Arion Coaching","robots":{"index":"index","follow":"follow","max-snippet":"max-snippet:-1","max-image-preview":"max-image-preview:large","max-video-preview":"max-video-preview:-1"},"canonical":"https:\/\/arioncoaching.com\/fr\/qui-sommes-nous\/","og_locale":"fr_FR","og_type":"article","og_title":"Qui sommes-nous ? - Arion Coaching","og_description":"Bonjour, je m\u2019appelle Ana\u00efs Mon r\u00eave devenu r\u00e9alit\u00e9, vivre entre mer et chevaux, et faire de ma passion mon m\u00e9tier. Coach Cheval certifi\u00e9, j\u2019accompagne les personnes dans leurs processus de changement et de d\u00e9veloppement tant personnel que professionnel, je les accompagne dans le d\u00e9passement de leurs blocages, la d\u00e9couverte de leur potentiel, l\u2019am\u00e9lioration de leurs [&hellip;]","og_url":"https:\/\/arioncoaching.com\/fr\/qui-sommes-nous\/","og_site_name":"Arion Coaching","article_modified_time":"2025-05-26T10:07:01+00:00","og_image":[{"width":540,"height":540,"url":"https:\/\/arioncoaching.com\/wp-content\/uploads\/2024\/06\/contacto.jpg","type":"image\/jpeg"}],"twitter_card":"summary_large_image","twitter_misc":{"Dur\u00e9e de lecture estim\u00e9e":"4 minutes"},"schema":{"@context":"https:\/\/schema.org","@graph":[{"@type":"WebPage","@id":"https:\/\/arioncoaching.com\/fr\/qui-sommes-nous\/","url":"https:\/\/arioncoaching.com\/fr\/qui-sommes-nous\/","name":"Qui sommes-nous ? - Arion Coaching","isPartOf":{"@id":"https:\/\/arioncoaching.com\/fr\/#website"},"primaryImageOfPage":{"@id":"https:\/\/arioncoaching.com\/fr\/qui-sommes-nous\/#primaryimage"},"image":{"@id":"https:\/\/arioncoaching.com\/fr\/qui-sommes-nous\/#primaryimage"},"thumbnailUrl":"https:\/\/arioncoaching.com\/wp-content\/uploads\/2024\/06\/contacto.jpg","datePublished":"2024-06-14T06:50:34+00:00","dateModified":"2025-05-26T10:07:01+00:00","breadcrumb":{"@id":"https:\/\/arioncoaching.com\/fr\/qui-sommes-nous\/#breadcrumb"},"inLanguage":"fr-FR","potentialAction":[{"@type":"ReadAction","target":["https:\/\/arioncoaching.com\/fr\/qui-sommes-nous\/"]}]},{"@type":"ImageObject","inLanguage":"fr-FR","@id":"https:\/\/arioncoaching.com\/fr\/qui-sommes-nous\/#primaryimage","url":"https:\/\/arioncoaching.com\/wp-content\/uploads\/2024\/06\/contacto.jpg","contentUrl":"https:\/\/arioncoaching.com\/wp-content\/uploads\/2024\/06\/contacto.jpg"},{"@type":"BreadcrumbList","@id":"https:\/\/arioncoaching.com\/fr\/qui-sommes-nous\/#breadcrumb","itemListElement":[{"@type":"ListItem","position":1,"name":"Portada","item":"https:\/\/arioncoaching.com\/fr\/"},{"@type":"ListItem","position":2,"name":"Qui sommes-nous ?"}]},{"@type":"WebSite","@id":"https:\/\/arioncoaching.com\/fr\/#website","url":"https:\/\/arioncoaching.com\/fr\/","name":"Arion Coaching","description":"Coaching con Caballos en Finca Mangueta, Vejer de la Frontera, C\u00e1diz","publisher":{"@id":"https:\/\/arioncoaching.com\/fr\/#organization"},"potentialAction":[{"@type":"SearchAction","target":{"@type":"EntryPoint","urlTemplate":"https:\/\/arioncoaching.com\/fr\/?s={search_term_string}"},"query-input":{"@type":"PropertyValueSpecification","valueRequired":true,"valueName":"search_term_string"}}],"inLanguage":"fr-FR"},{"@type":"Organization","@id":"https:\/\/arioncoaching.com\/fr\/#organization","name":"Arion Coaching","url":"https:\/\/arioncoaching.com\/fr\/","logo":{"@type":"ImageObject","inLanguage":"fr-FR","@id":"https:\/\/arioncoaching.com\/fr\/#\/schema\/logo\/image\/","url":"https:\/\/arioncoaching.com\/wp-content\/uploads\/2024\/06\/cropped-favicon.png","contentUrl":"https:\/\/arioncoaching.com\/wp-content\/uploads\/2024\/06\/cropped-favicon.png","width":512,"height":512,"caption":"Arion Coaching"},"image":{"@id":"https:\/\/arioncoaching.com\/fr\/#\/schema\/logo\/image\/"},"sameAs":["https:\/\/www.instagram.com\/arion_coaching\/"]}]}},"_links":{"self":[{"href":"https:\/\/arioncoaching.com\/fr\/wp-json\/wp\/v2\/pages\/1283","targetHints":{"allow":["GET"]}}],"collection":[{"href":"https:\/\/arioncoaching.com\/fr\/wp-json\/wp\/v2\/pages"}],"about":[{"href":"https:\/\/arioncoaching.com\/fr\/wp-json\/wp\/v2\/types\/page"}],"author":[{"embeddable":true,"href":"https:\/\/arioncoaching.com\/fr\/wp-json\/wp\/v2\/users\/1"}],"replies":[{"embeddable":true,"href":"https:\/\/arioncoaching.com\/fr\/wp-json\/wp\/v2\/comments?post=1283"}],"version-history":[{"count":4,"href":"https:\/\/arioncoaching.com\/fr\/wp-json\/wp\/v2\/pages\/1283\/revisions"}],"predecessor-version":[{"id":1500,"href":"https:\/\/arioncoaching.com\/fr\/wp-json\/wp\/v2\/pages\/1283\/revisions\/1500"}],"wp:attachment":[{"href":"https:\/\/arioncoaching.com\/fr\/wp-json\/wp\/v2\/media?parent=1283"}],"curies":[{"name":"wp","href":"https:\/\/api.w.org\/{rel}","templated":true}]}}