{"id":1279,"date":"2024-06-14T06:13:41","date_gmt":"2024-06-14T06:13:41","guid":{"rendered":"https:\/\/arioncoaching.com\/particulier\/"},"modified":"2025-04-16T19:19:47","modified_gmt":"2025-04-16T19:19:47","slug":"particulier","status":"publish","type":"page","link":"https:\/\/arioncoaching.com\/fr\/particulier\/","title":{"rendered":"Particulier"},"content":{"rendered":"<figure class=\"wp-block-image size-full\"><img decoding=\"async\" src=\"https:\/\/arioncoaching.com\/wp-content\/uploads\/2024\/06\/lifestyle-blog-blob-02.svg\" alt class=\"wp-image-30\" width=\"250\"><\/figure>\n\n<figure class=\"wp-block-image size-full\"><img decoding=\"async\" src=\"https:\/\/arioncoaching.com\/wp-content\/uploads\/2024\/06\/lifestyle-blog-blob-04.svg\" alt class=\"wp-image-31\" width=\"250\"><\/figure>\n\n<figure class=\"wp-block-image size-full\"><img decoding=\"async\" src=\"https:\/\/arioncoaching.com\/wp-content\/uploads\/2024\/06\/lifestyle-blog-blob-05.svg\" alt class=\"wp-image-32\"><\/figure>\n\n<figure class=\"wp-block-image size-full\"><img decoding=\"async\" src=\"https:\/\/arioncoaching.com\/wp-content\/uploads\/2024\/06\/lifestyle-blog-blob-03.svg\" alt class=\"wp-image-33\"><\/figure>\n\n<figure class=\"wp-block-image size-full\"><img decoding=\"async\" src=\"https:\/\/arioncoaching.com\/wp-content\/uploads\/2024\/06\/lifestyle-blog-blob-01.svg\" alt class=\"wp-image-29\"><\/figure>\n\n<h1 class=\"wp-block-heading\">{post_title}<\/h1>\n\n<div id=\"particulier\" class=\"container-fluid toggleParticulier\">\n<div class=\"container\">\n<div class=\"row\">\n<div class=\"col-12\">\n<div class=\"col-lg-5\">\n<div class=\"contenu\">\n<p><span style=\"background-color: initial;\">Les ateliers d\u2019equicoaching durent une journ\u00e9e et sont des s\u00e9ances d\u2019apprentissage et d\u2019autor\u00e9flexion sur soi-m\u00eame et le groupe, sur un th\u00e8me propos\u00e9.<\/span><\/p>\n<\/div>\n<\/div>\n<div class=\"offset-lg-1 col-lg-5\">\n<div class=\"contenu \">\n<p>Ce sont des activit\u00e9s dynamiques et des apprentissages exp\u00e9rientiels qui vous permettront de grandir et de mieux vous conna\u00eetre.<\/p>\n<\/div>\n<\/div>\n<\/div>\n<\/div>\n<\/div>\n<\/div>\n\n<h2 class=\"wp-block-heading\">Processus individuels<\/h2>\n\n<h2 class=\"wp-block-heading\">Ateliers en groupe<\/h2>\n\n<ul class=\"wp-block-list\">\n<li>Confiance en soi et amour propre<\/li>\n<li>Apprendre \u00e0 poser des limites<\/li>\n<li>Apprendre \u00e0 gerer ses \u00e9motions<\/li>\n<li>Femmes Entrepreneuses<\/li>\n<\/ul>\n\n<div id=\"particulier\" class=\"container-fluid toggleParticulier\">\n<div class=\"container\">\n<div class=\"row\">\n<div class=\"col-12\"><span class=\"mediumGraisse\">Les s\u00e9ances individuelles permettent un travail approfondi sur un sujet d\u00e9fini par vous (ou plusieurs selon la dur\u00e9e du processus et l\u2019avancement lors des s\u00e9ances).<\/span> Le point de d\u00e9part est g\u00e9n\u00e9ralement votre situation actuelle et se concentre sur ce que vous \u00eates pr\u00eat \u00e0 faire pour atteindre vos objectifs, sachant que les progr\u00e8s et les r\u00e9sultats d\u00e9pendent de vos intentions, de vos choix et de vos actions.<\/div>\n<div class=\"col-12\"> <\/div>\n<\/div>\n<\/div>\n<\/div>\n<div id=\"collapseParticulier\" class=\"container-fluid contenuToggle contenuToggleParticulier collapse show\">\n<div class=\"container\">\n<div class=\"row\">\n<div class=\"col-lg-5\">\n<div class=\"contenu\">\n<p>Une s\u00e9ance d\u2019equicoaching dure <span class=\"mediumGraisse\">environ 1h30<\/span> et se d\u00e9roule dans un environnement intime et calme entour\u00e9 de chevaux en libert\u00e9. Les processus de coaching par le cheval durent g\u00e9n\u00e9ralement de <span class=\"mediumGraisse\">5 \u00e0 8 s\u00e9ances<\/span> pour atteindre les objectifs fix\u00e9s au d\u00e9part. <\/p>\n<p><span class=\"mediumGraisse\">Afin de comprendre ce qui vous am\u00e8ne \u00e0 entreprendre un processus d equicoaching, je vous propose une conversation pr\u00e9alable, ce premier contact est gratuit. <\/span> Cela me permettra de mieux comprendre vos besoins et de d\u00e9couvrir quels sont vos objectifs \/buts, et pour ma part de clarifier en quoi consiste l\u2019equicoaching et le d\u00e9roulement des sessions. <\/p>\n<\/div>\n<\/div>\n<\/div>\n<\/div>\n<\/div>\n\n<h3 class=\"wp-block-heading\">Exemples d\u2019ateliers<\/h3>","protected":false},"excerpt":{"rendered":"<p>{post_title} Les ateliers d\u2019equicoaching durent une journ\u00e9e et sont des s\u00e9ances d\u2019apprentissage et d\u2019autor\u00e9flexion sur soi-m\u00eame et le groupe, sur un th\u00e8me propos\u00e9. Ce sont des activit\u00e9s dynamiques et des apprentissages exp\u00e9rientiels qui vous permettront de grandir et de mieux vous conna\u00eetre. Processus individuels Ateliers en groupe Confiance en soi et amour propre Apprendre \u00e0 [&hellip;]<\/p>\n","protected":false},"author":1,"featured_media":0,"parent":0,"menu_order":0,"comment_status":"closed","ping_status":"closed","template":"","meta":{"footnotes":""},"class_list":["post-1279","page","type-page","status-publish","hentry"],"yoast_head":"<!-- This site is optimized with the Yoast SEO plugin v27.3 - https:\/\/yoast.com\/product\/yoast-seo-wordpress\/ -->\n<title>Particulier - Arion Coaching<\/title>\n<meta name=\"robots\" content=\"index, follow, max-snippet:-1, max-image-preview:large, max-video-preview:-1\" \/>\n<link rel=\"canonical\" href=\"https:\/\/arioncoaching.com\/fr\/particulier\/\" \/>\n<meta property=\"og:locale\" content=\"fr_FR\" \/>\n<meta property=\"og:type\" content=\"article\" \/>\n<meta property=\"og:title\" content=\"Particulier - Arion Coaching\" \/>\n<meta property=\"og:description\" content=\"{post_title} Les ateliers d\u2019equicoaching durent une journ\u00e9e et sont des s\u00e9ances d\u2019apprentissage et d\u2019autor\u00e9flexion sur soi-m\u00eame et le groupe, sur un th\u00e8me propos\u00e9. Ce sont des activit\u00e9s dynamiques et des apprentissages exp\u00e9rientiels qui vous permettront de grandir et de mieux vous conna\u00eetre. Processus individuels Ateliers en groupe Confiance en soi et amour propre Apprendre \u00e0 [&hellip;]\" \/>\n<meta property=\"og:url\" content=\"https:\/\/arioncoaching.com\/fr\/particulier\/\" \/>\n<meta property=\"og:site_name\" content=\"Arion Coaching\" \/>\n<meta property=\"article:modified_time\" content=\"2025-04-16T19:19:47+00:00\" \/>\n<meta name=\"twitter:card\" content=\"summary_large_image\" \/>\n<meta name=\"twitter:label1\" content=\"Dur\u00e9e de lecture estim\u00e9e\" \/>\n\t<meta name=\"twitter:data1\" content=\"3 minutes\" \/>\n<script type=\"application\/ld+json\" class=\"yoast-schema-graph\">{\"@context\":\"https:\\\/\\\/schema.org\",\"@graph\":[{\"@type\":\"WebPage\",\"@id\":\"https:\\\/\\\/arioncoaching.com\\\/fr\\\/particulier\\\/\",\"url\":\"https:\\\/\\\/arioncoaching.com\\\/fr\\\/particulier\\\/\",\"name\":\"Particulier - Arion Coaching\",\"isPartOf\":{\"@id\":\"https:\\\/\\\/arioncoaching.com\\\/fr\\\/#website\"},\"primaryImageOfPage\":{\"@id\":\"https:\\\/\\\/arioncoaching.com\\\/fr\\\/particulier\\\/#primaryimage\"},\"image\":{\"@id\":\"https:\\\/\\\/arioncoaching.com\\\/fr\\\/particulier\\\/#primaryimage\"},\"thumbnailUrl\":\"https:\\\/\\\/arioncoaching.com\\\/wp-content\\\/uploads\\\/2024\\\/06\\\/lifestyle-blog-blob-02.svg\",\"datePublished\":\"2024-06-14T06:13:41+00:00\",\"dateModified\":\"2025-04-16T19:19:47+00:00\",\"breadcrumb\":{\"@id\":\"https:\\\/\\\/arioncoaching.com\\\/fr\\\/particulier\\\/#breadcrumb\"},\"inLanguage\":\"fr-FR\",\"potentialAction\":[{\"@type\":\"ReadAction\",\"target\":[\"https:\\\/\\\/arioncoaching.com\\\/fr\\\/particulier\\\/\"]}]},{\"@type\":\"ImageObject\",\"inLanguage\":\"fr-FR\",\"@id\":\"https:\\\/\\\/arioncoaching.com\\\/fr\\\/particulier\\\/#primaryimage\",\"url\":\"https:\\\/\\\/arioncoaching.com\\\/wp-content\\\/uploads\\\/2024\\\/06\\\/lifestyle-blog-blob-02.svg\",\"contentUrl\":\"https:\\\/\\\/arioncoaching.com\\\/wp-content\\\/uploads\\\/2024\\\/06\\\/lifestyle-blog-blob-02.svg\"},{\"@type\":\"BreadcrumbList\",\"@id\":\"https:\\\/\\\/arioncoaching.com\\\/fr\\\/particulier\\\/#breadcrumb\",\"itemListElement\":[{\"@type\":\"ListItem\",\"position\":1,\"name\":\"Portada\",\"item\":\"https:\\\/\\\/arioncoaching.com\\\/fr\\\/\"},{\"@type\":\"ListItem\",\"position\":2,\"name\":\"Particulier\"}]},{\"@type\":\"WebSite\",\"@id\":\"https:\\\/\\\/arioncoaching.com\\\/fr\\\/#website\",\"url\":\"https:\\\/\\\/arioncoaching.com\\\/fr\\\/\",\"name\":\"Arion Coaching\",\"description\":\"Coaching con Caballos en Finca Mangueta, Vejer de la Frontera, C\u00e1diz\",\"publisher\":{\"@id\":\"https:\\\/\\\/arioncoaching.com\\\/fr\\\/#organization\"},\"potentialAction\":[{\"@type\":\"SearchAction\",\"target\":{\"@type\":\"EntryPoint\",\"urlTemplate\":\"https:\\\/\\\/arioncoaching.com\\\/fr\\\/?s={search_term_string}\"},\"query-input\":{\"@type\":\"PropertyValueSpecification\",\"valueRequired\":true,\"valueName\":\"search_term_string\"}}],\"inLanguage\":\"fr-FR\"},{\"@type\":\"Organization\",\"@id\":\"https:\\\/\\\/arioncoaching.com\\\/fr\\\/#organization\",\"name\":\"Arion Coaching\",\"url\":\"https:\\\/\\\/arioncoaching.com\\\/fr\\\/\",\"logo\":{\"@type\":\"ImageObject\",\"inLanguage\":\"fr-FR\",\"@id\":\"https:\\\/\\\/arioncoaching.com\\\/fr\\\/#\\\/schema\\\/logo\\\/image\\\/\",\"url\":\"https:\\\/\\\/arioncoaching.com\\\/wp-content\\\/uploads\\\/2024\\\/06\\\/cropped-favicon.png\",\"contentUrl\":\"https:\\\/\\\/arioncoaching.com\\\/wp-content\\\/uploads\\\/2024\\\/06\\\/cropped-favicon.png\",\"width\":512,\"height\":512,\"caption\":\"Arion Coaching\"},\"image\":{\"@id\":\"https:\\\/\\\/arioncoaching.com\\\/fr\\\/#\\\/schema\\\/logo\\\/image\\\/\"},\"sameAs\":[\"https:\\\/\\\/www.instagram.com\\\/arion_coaching\\\/\"]}]}<\/script>\n<!-- \/ Yoast SEO plugin. -->","yoast_head_json":{"title":"Particulier - Arion Coaching","robots":{"index":"index","follow":"follow","max-snippet":"max-snippet:-1","max-image-preview":"max-image-preview:large","max-video-preview":"max-video-preview:-1"},"canonical":"https:\/\/arioncoaching.com\/fr\/particulier\/","og_locale":"fr_FR","og_type":"article","og_title":"Particulier - Arion Coaching","og_description":"{post_title} Les ateliers d\u2019equicoaching durent une journ\u00e9e et sont des s\u00e9ances d\u2019apprentissage et d\u2019autor\u00e9flexion sur soi-m\u00eame et le groupe, sur un th\u00e8me propos\u00e9. Ce sont des activit\u00e9s dynamiques et des apprentissages exp\u00e9rientiels qui vous permettront de grandir et de mieux vous conna\u00eetre. Processus individuels Ateliers en groupe Confiance en soi et amour propre Apprendre \u00e0 [&hellip;]","og_url":"https:\/\/arioncoaching.com\/fr\/particulier\/","og_site_name":"Arion Coaching","article_modified_time":"2025-04-16T19:19:47+00:00","twitter_card":"summary_large_image","twitter_misc":{"Dur\u00e9e de lecture estim\u00e9e":"3 minutes"},"schema":{"@context":"https:\/\/schema.org","@graph":[{"@type":"WebPage","@id":"https:\/\/arioncoaching.com\/fr\/particulier\/","url":"https:\/\/arioncoaching.com\/fr\/particulier\/","name":"Particulier - Arion Coaching","isPartOf":{"@id":"https:\/\/arioncoaching.com\/fr\/#website"},"primaryImageOfPage":{"@id":"https:\/\/arioncoaching.com\/fr\/particulier\/#primaryimage"},"image":{"@id":"https:\/\/arioncoaching.com\/fr\/particulier\/#primaryimage"},"thumbnailUrl":"https:\/\/arioncoaching.com\/wp-content\/uploads\/2024\/06\/lifestyle-blog-blob-02.svg","datePublished":"2024-06-14T06:13:41+00:00","dateModified":"2025-04-16T19:19:47+00:00","breadcrumb":{"@id":"https:\/\/arioncoaching.com\/fr\/particulier\/#breadcrumb"},"inLanguage":"fr-FR","potentialAction":[{"@type":"ReadAction","target":["https:\/\/arioncoaching.com\/fr\/particulier\/"]}]},{"@type":"ImageObject","inLanguage":"fr-FR","@id":"https:\/\/arioncoaching.com\/fr\/particulier\/#primaryimage","url":"https:\/\/arioncoaching.com\/wp-content\/uploads\/2024\/06\/lifestyle-blog-blob-02.svg","contentUrl":"https:\/\/arioncoaching.com\/wp-content\/uploads\/2024\/06\/lifestyle-blog-blob-02.svg"},{"@type":"BreadcrumbList","@id":"https:\/\/arioncoaching.com\/fr\/particulier\/#breadcrumb","itemListElement":[{"@type":"ListItem","position":1,"name":"Portada","item":"https:\/\/arioncoaching.com\/fr\/"},{"@type":"ListItem","position":2,"name":"Particulier"}]},{"@type":"WebSite","@id":"https:\/\/arioncoaching.com\/fr\/#website","url":"https:\/\/arioncoaching.com\/fr\/","name":"Arion Coaching","description":"Coaching con Caballos en Finca Mangueta, Vejer de la Frontera, C\u00e1diz","publisher":{"@id":"https:\/\/arioncoaching.com\/fr\/#organization"},"potentialAction":[{"@type":"SearchAction","target":{"@type":"EntryPoint","urlTemplate":"https:\/\/arioncoaching.com\/fr\/?s={search_term_string}"},"query-input":{"@type":"PropertyValueSpecification","valueRequired":true,"valueName":"search_term_string"}}],"inLanguage":"fr-FR"},{"@type":"Organization","@id":"https:\/\/arioncoaching.com\/fr\/#organization","name":"Arion Coaching","url":"https:\/\/arioncoaching.com\/fr\/","logo":{"@type":"ImageObject","inLanguage":"fr-FR","@id":"https:\/\/arioncoaching.com\/fr\/#\/schema\/logo\/image\/","url":"https:\/\/arioncoaching.com\/wp-content\/uploads\/2024\/06\/cropped-favicon.png","contentUrl":"https:\/\/arioncoaching.com\/wp-content\/uploads\/2024\/06\/cropped-favicon.png","width":512,"height":512,"caption":"Arion Coaching"},"image":{"@id":"https:\/\/arioncoaching.com\/fr\/#\/schema\/logo\/image\/"},"sameAs":["https:\/\/www.instagram.com\/arion_coaching\/"]}]}},"_links":{"self":[{"href":"https:\/\/arioncoaching.com\/fr\/wp-json\/wp\/v2\/pages\/1279","targetHints":{"allow":["GET"]}}],"collection":[{"href":"https:\/\/arioncoaching.com\/fr\/wp-json\/wp\/v2\/pages"}],"about":[{"href":"https:\/\/arioncoaching.com\/fr\/wp-json\/wp\/v2\/types\/page"}],"author":[{"embeddable":true,"href":"https:\/\/arioncoaching.com\/fr\/wp-json\/wp\/v2\/users\/1"}],"replies":[{"embeddable":true,"href":"https:\/\/arioncoaching.com\/fr\/wp-json\/wp\/v2\/comments?post=1279"}],"version-history":[{"count":20,"href":"https:\/\/arioncoaching.com\/fr\/wp-json\/wp\/v2\/pages\/1279\/revisions"}],"predecessor-version":[{"id":1488,"href":"https:\/\/arioncoaching.com\/fr\/wp-json\/wp\/v2\/pages\/1279\/revisions\/1488"}],"wp:attachment":[{"href":"https:\/\/arioncoaching.com\/fr\/wp-json\/wp\/v2\/media?parent=1279"}],"curies":[{"name":"wp","href":"https:\/\/api.w.org\/{rel}","templated":true}]}}