{"id":1275,"date":"2024-06-14T06:13:52","date_gmt":"2024-06-14T06:13:52","guid":{"rendered":"https:\/\/arioncoaching.com\/entreprises\/"},"modified":"2025-02-03T12:20:34","modified_gmt":"2025-02-03T12:20:34","slug":"entreprises","status":"publish","type":"page","link":"https:\/\/arioncoaching.com\/fr\/entreprises\/","title":{"rendered":"Entreprises"},"content":{"rendered":"<figure class=\"wp-block-image size-full\"><img decoding=\"async\" src=\"https:\/\/arioncoaching.com\/wp-content\/uploads\/2024\/06\/lifestyle-blog-blob-01.svg\" alt=\"\" class=\"wp-image-29\"\/><\/figure><h1 class=\"wp-block-heading\">{post_title}<\/h1><figure class=\"wp-block-image size-full\"><img decoding=\"async\" src=\"https:\/\/arioncoaching.com\/wp-content\/uploads\/2024\/06\/lifestyle-blog-blob-02.svg\" alt=\"\" class=\"wp-image-30\" width=\"250\"\/><\/figure><figure class=\"wp-block-image size-full\"><img decoding=\"async\" src=\"https:\/\/arioncoaching.com\/wp-content\/uploads\/2024\/06\/lifestyle-blog-blob-03.svg\" alt=\"\" class=\"wp-image-33\"\/><\/figure><figure class=\"wp-block-image size-full\"><img decoding=\"async\" src=\"https:\/\/arioncoaching.com\/wp-content\/uploads\/2024\/06\/lifestyle-blog-blob-05.svg\" alt=\"\" class=\"wp-image-32\"\/><\/figure><figure class=\"wp-block-image size-full\"><img decoding=\"async\" src=\"https:\/\/arioncoaching.com\/wp-content\/uploads\/2024\/06\/lifestyle-blog-blob-04.svg\" alt=\"\" class=\"wp-image-31\" width=\"250\"\/><\/figure><h2 class=\"wp-block-heading\">Journ\u00e9e de coaching de groupe<\/h2><p><!-- wp:Array \/--><\/p>\n<h3 class=\"wp-block-heading\">B\u00e9n\u00e9fices de l\u2019equicoaching en groupe<\/h3><ul class=\"wp-block-list\">\n<li>Les besoins<\/li>\n<li>Les objectifs<\/li>\n<li>Le suivi<\/li>\n<\/ul><h3 class=\"wp-block-heading\">Lors des r\u00e9unions pr\u00e9alables nous d\u00e9finirons<\/h3><div id=\"particulier\" class=\"container-fluid toggleParticulier\">\n<div class=\"container\">\n<div class=\"row\">\n<div class=\"col-12\">\n<ul class=\"wp-block-list\">\n<li>Identification des forces et des axes \u00e0 am\u00e9liorer en tant qu\u2019\u00e9quipe<\/li>\n<li>Am\u00e9lioration de la coh\u00e9sion d\u2019\u00e9quipe<\/li>\n<li>Aide \u00e0 la r\u00e9solution des conflits<\/li>\n<li>Am\u00e9liorations de la communication<\/li>\n<\/ul>\n<p><span class=\"mediumGraisse\">Las sesiones de coaching grupal con caballo se dise\u00f1an a medida en colaboraci\u00f3n con la compa\u00f1\u00eda, bas\u00e1ndose en una detecci\u00f3n de necesidades previa. De este modo se puede trabajar haciendo foco en las habilidades especificas establecidas con antelaci\u00f3n.<\/span><br\/>De la misma manera este approach a medida permite determinar la duraci\u00f3n as\u00ed como los asistentes para un resultado \u00f3ptimo.<br\/><span class=\"mediumgGraisse\">Es un momento privilegiado para un equipo, un momento para parar, sentir, reflexionar y emprender un plan de acci\u00f3n individual y grupal.<\/span><\/p>\n<\/div>\n<\/div>\n<\/div>\n<\/div><h3 class=\"wp-block-heading\">B\u00e9n\u00e9fices de l\u2019equicoaching individuel ex\u00e9cutif<\/h3><ul class=\"wp-block-list\">\n<li>Am\u00e9lioration des comp\u00e9tences manag\u00e9riales<\/li>\n<li>Am\u00e9lioration de la relation du manager avec son \u00e9quipe, ses sup\u00e9rieurs et toute l\u2019organisation<\/li>\n<li>Renforcement du leadership, ou comment inspirer d\u2019autres personnes<\/li>\n<li>Meilleure connaissance de soi m\u00eame pour booster ses talents et forces<\/li>\n<li>Alignement des int\u00e9r\u00eats du manager avec ceux de la direction, afin de maximiser la performance et la r\u00e9alisation des objectifs<\/li>\n<li>Aide \u00e0 la r\u00e9solution des conflits<\/li>\n<li>Affecte positivement la conciliation et la gestion du temps<\/li>\n<li>Aide \u00e0 g\u00e9n\u00e9rer et maintenir l\u2019engagement, la responsabilit\u00e9 et l\u2019initiative<\/li>\n<\/ul><h3 class=\"wp-block-heading\">Pour tirer le meilleur parti du processus de coaching, nous vous recommandons<\/h3><ul class=\"wp-block-list\">\n<li>Une dur\u00e9e minimum flexible de 2 \u00e0 4 mois, avec des s\u00e9ances de 1h30 en moyenne.<\/li>\n<li>Des conversations confidentielles entre le participant (coachee) et le coach.<\/li>\n<li>Un processus tourn\u00e9 vers l\u2019avenir<\/li>\n<li>Une participation du manager (coachee) au processus de son plein gr\u00e9 et un engagement personnel ouvert, constructif et positif<\/li>\n<\/ul><h2 class=\"wp-block-heading\">Processus de coaching individuel pour les dirigeants<\/h2><p><!-- wp:Array \/--><\/p>\n<h3 class=\"wp-block-heading\">B\u00e9n\u00e9fices du Team Building<\/h3><ul class=\"wp-block-list\">\n<li>Un environnement de travail plus motiv\u00e9 et plus agr\u00e9able<\/li>\n<li>Culture d\u2019entreprise collaborative<\/li>\n<li>Relations professionnelles sinc\u00e8res<\/li>\n<li>Engagement et empathie<\/li>\n<li>Une \u00e9quipe unie et renforc\u00e9e<\/li>\n<\/ul><h2 class=\"wp-block-heading\">Team Building<\/h2><p><!-- wp:Array \/--><\/p>\n<h3 class=\"wp-block-heading\">COACHING DE GROUPE<\/h3><div class=\"wp-block-buttons is-layout-flex wp-block-buttons-is-layout-flex\"><div class=\"wp-block-button\"><a class=\"wp-block-button__link\">POUR EN SAVOIR PLUS<\/a><\/div><\/div><h3 class=\"wp-block-heading\">TEAM BUILDING<\/h3><div class=\"wp-block-buttons is-layout-flex wp-block-buttons-is-layout-flex\"><div class=\"wp-block-button\"><a class=\"wp-block-button__link\">POUR EN SAVOIR PLUS<\/a><\/div><\/div><h3 class=\"has-text-align-center wp-block-heading\">COACHING INDIVIDUEL<\/h3><div class=\"wp-block-buttons is-layout-flex wp-block-buttons-is-layout-flex\"><div class=\"wp-block-button\"><a class=\"wp-block-button__link\">POUR EN SAVOIR PLUS<\/a><\/div><\/div><p><!-- wp:Array \/--><\/p>\n<p><!-- wp:Array \/--><\/p>\n<p><!-- wp:Array \/--><\/p>\n","protected":false},"excerpt":{"rendered":"<p>{post_title} Journ\u00e9e de coaching de groupe B\u00e9n\u00e9fices de l\u2019equicoaching en groupe Les besoins Les objectifs Le suivi Lors des r\u00e9unions pr\u00e9alables nous d\u00e9finirons Identification des forces et des axes \u00e0 am\u00e9liorer en tant qu\u2019\u00e9quipe Am\u00e9lioration de la coh\u00e9sion d\u2019\u00e9quipe Aide \u00e0 la r\u00e9solution des conflits Am\u00e9liorations de la communication Las sesiones de coaching grupal con [&hellip;]<\/p>\n","protected":false},"author":1,"featured_media":0,"parent":0,"menu_order":0,"comment_status":"closed","ping_status":"closed","template":"","meta":{"footnotes":""},"class_list":["post-1275","page","type-page","status-publish","hentry"],"yoast_head":"<!-- This site is optimized with the Yoast SEO plugin v27.3 - https:\/\/yoast.com\/product\/yoast-seo-wordpress\/ -->\n<title>Entreprises - Arion Coaching<\/title>\n<meta name=\"robots\" content=\"index, follow, max-snippet:-1, max-image-preview:large, max-video-preview:-1\" \/>\n<link rel=\"canonical\" href=\"https:\/\/arioncoaching.com\/fr\/entreprises\/\" \/>\n<meta property=\"og:locale\" content=\"fr_FR\" \/>\n<meta property=\"og:type\" content=\"article\" \/>\n<meta property=\"og:title\" content=\"Entreprises - Arion Coaching\" \/>\n<meta property=\"og:description\" content=\"{post_title} Journ\u00e9e de coaching de groupe B\u00e9n\u00e9fices de l\u2019equicoaching en groupe Les besoins Les objectifs Le suivi Lors des r\u00e9unions pr\u00e9alables nous d\u00e9finirons Identification des forces et des axes \u00e0 am\u00e9liorer en tant qu\u2019\u00e9quipe Am\u00e9lioration de la coh\u00e9sion d\u2019\u00e9quipe Aide \u00e0 la r\u00e9solution des conflits Am\u00e9liorations de la communication Las sesiones de coaching grupal con [&hellip;]\" \/>\n<meta property=\"og:url\" content=\"https:\/\/arioncoaching.com\/fr\/entreprises\/\" \/>\n<meta property=\"og:site_name\" content=\"Arion Coaching\" \/>\n<meta property=\"article:modified_time\" content=\"2025-02-03T12:20:34+00:00\" \/>\n<meta name=\"twitter:card\" content=\"summary_large_image\" \/>\n<meta name=\"twitter:label1\" content=\"Dur\u00e9e de lecture estim\u00e9e\" \/>\n\t<meta name=\"twitter:data1\" content=\"2 minutes\" \/>\n<script type=\"application\/ld+json\" class=\"yoast-schema-graph\">{\"@context\":\"https:\\\/\\\/schema.org\",\"@graph\":[{\"@type\":\"WebPage\",\"@id\":\"https:\\\/\\\/arioncoaching.com\\\/fr\\\/entreprises\\\/\",\"url\":\"https:\\\/\\\/arioncoaching.com\\\/fr\\\/entreprises\\\/\",\"name\":\"Entreprises - Arion Coaching\",\"isPartOf\":{\"@id\":\"https:\\\/\\\/arioncoaching.com\\\/fr\\\/#website\"},\"primaryImageOfPage\":{\"@id\":\"https:\\\/\\\/arioncoaching.com\\\/fr\\\/entreprises\\\/#primaryimage\"},\"image\":{\"@id\":\"https:\\\/\\\/arioncoaching.com\\\/fr\\\/entreprises\\\/#primaryimage\"},\"thumbnailUrl\":\"https:\\\/\\\/arioncoaching.com\\\/wp-content\\\/uploads\\\/2024\\\/06\\\/lifestyle-blog-blob-01.svg\",\"datePublished\":\"2024-06-14T06:13:52+00:00\",\"dateModified\":\"2025-02-03T12:20:34+00:00\",\"breadcrumb\":{\"@id\":\"https:\\\/\\\/arioncoaching.com\\\/fr\\\/entreprises\\\/#breadcrumb\"},\"inLanguage\":\"fr-FR\",\"potentialAction\":[{\"@type\":\"ReadAction\",\"target\":[\"https:\\\/\\\/arioncoaching.com\\\/fr\\\/entreprises\\\/\"]}]},{\"@type\":\"ImageObject\",\"inLanguage\":\"fr-FR\",\"@id\":\"https:\\\/\\\/arioncoaching.com\\\/fr\\\/entreprises\\\/#primaryimage\",\"url\":\"https:\\\/\\\/arioncoaching.com\\\/wp-content\\\/uploads\\\/2024\\\/06\\\/lifestyle-blog-blob-01.svg\",\"contentUrl\":\"https:\\\/\\\/arioncoaching.com\\\/wp-content\\\/uploads\\\/2024\\\/06\\\/lifestyle-blog-blob-01.svg\"},{\"@type\":\"BreadcrumbList\",\"@id\":\"https:\\\/\\\/arioncoaching.com\\\/fr\\\/entreprises\\\/#breadcrumb\",\"itemListElement\":[{\"@type\":\"ListItem\",\"position\":1,\"name\":\"Portada\",\"item\":\"https:\\\/\\\/arioncoaching.com\\\/fr\\\/\"},{\"@type\":\"ListItem\",\"position\":2,\"name\":\"Entreprises\"}]},{\"@type\":\"WebSite\",\"@id\":\"https:\\\/\\\/arioncoaching.com\\\/fr\\\/#website\",\"url\":\"https:\\\/\\\/arioncoaching.com\\\/fr\\\/\",\"name\":\"Arion Coaching\",\"description\":\"Coaching con Caballos en Finca Mangueta, Vejer de la Frontera, C\u00e1diz\",\"publisher\":{\"@id\":\"https:\\\/\\\/arioncoaching.com\\\/fr\\\/#organization\"},\"potentialAction\":[{\"@type\":\"SearchAction\",\"target\":{\"@type\":\"EntryPoint\",\"urlTemplate\":\"https:\\\/\\\/arioncoaching.com\\\/fr\\\/?s={search_term_string}\"},\"query-input\":{\"@type\":\"PropertyValueSpecification\",\"valueRequired\":true,\"valueName\":\"search_term_string\"}}],\"inLanguage\":\"fr-FR\"},{\"@type\":\"Organization\",\"@id\":\"https:\\\/\\\/arioncoaching.com\\\/fr\\\/#organization\",\"name\":\"Arion Coaching\",\"url\":\"https:\\\/\\\/arioncoaching.com\\\/fr\\\/\",\"logo\":{\"@type\":\"ImageObject\",\"inLanguage\":\"fr-FR\",\"@id\":\"https:\\\/\\\/arioncoaching.com\\\/fr\\\/#\\\/schema\\\/logo\\\/image\\\/\",\"url\":\"https:\\\/\\\/arioncoaching.com\\\/wp-content\\\/uploads\\\/2024\\\/06\\\/cropped-favicon.png\",\"contentUrl\":\"https:\\\/\\\/arioncoaching.com\\\/wp-content\\\/uploads\\\/2024\\\/06\\\/cropped-favicon.png\",\"width\":512,\"height\":512,\"caption\":\"Arion Coaching\"},\"image\":{\"@id\":\"https:\\\/\\\/arioncoaching.com\\\/fr\\\/#\\\/schema\\\/logo\\\/image\\\/\"},\"sameAs\":[\"https:\\\/\\\/www.instagram.com\\\/arion_coaching\\\/\"]}]}<\/script>\n<!-- \/ Yoast SEO plugin. -->","yoast_head_json":{"title":"Entreprises - Arion Coaching","robots":{"index":"index","follow":"follow","max-snippet":"max-snippet:-1","max-image-preview":"max-image-preview:large","max-video-preview":"max-video-preview:-1"},"canonical":"https:\/\/arioncoaching.com\/fr\/entreprises\/","og_locale":"fr_FR","og_type":"article","og_title":"Entreprises - Arion Coaching","og_description":"{post_title} Journ\u00e9e de coaching de groupe B\u00e9n\u00e9fices de l\u2019equicoaching en groupe Les besoins Les objectifs Le suivi Lors des r\u00e9unions pr\u00e9alables nous d\u00e9finirons Identification des forces et des axes \u00e0 am\u00e9liorer en tant qu\u2019\u00e9quipe Am\u00e9lioration de la coh\u00e9sion d\u2019\u00e9quipe Aide \u00e0 la r\u00e9solution des conflits Am\u00e9liorations de la communication Las sesiones de coaching grupal con [&hellip;]","og_url":"https:\/\/arioncoaching.com\/fr\/entreprises\/","og_site_name":"Arion Coaching","article_modified_time":"2025-02-03T12:20:34+00:00","twitter_card":"summary_large_image","twitter_misc":{"Dur\u00e9e de lecture estim\u00e9e":"2 minutes"},"schema":{"@context":"https:\/\/schema.org","@graph":[{"@type":"WebPage","@id":"https:\/\/arioncoaching.com\/fr\/entreprises\/","url":"https:\/\/arioncoaching.com\/fr\/entreprises\/","name":"Entreprises - Arion Coaching","isPartOf":{"@id":"https:\/\/arioncoaching.com\/fr\/#website"},"primaryImageOfPage":{"@id":"https:\/\/arioncoaching.com\/fr\/entreprises\/#primaryimage"},"image":{"@id":"https:\/\/arioncoaching.com\/fr\/entreprises\/#primaryimage"},"thumbnailUrl":"https:\/\/arioncoaching.com\/wp-content\/uploads\/2024\/06\/lifestyle-blog-blob-01.svg","datePublished":"2024-06-14T06:13:52+00:00","dateModified":"2025-02-03T12:20:34+00:00","breadcrumb":{"@id":"https:\/\/arioncoaching.com\/fr\/entreprises\/#breadcrumb"},"inLanguage":"fr-FR","potentialAction":[{"@type":"ReadAction","target":["https:\/\/arioncoaching.com\/fr\/entreprises\/"]}]},{"@type":"ImageObject","inLanguage":"fr-FR","@id":"https:\/\/arioncoaching.com\/fr\/entreprises\/#primaryimage","url":"https:\/\/arioncoaching.com\/wp-content\/uploads\/2024\/06\/lifestyle-blog-blob-01.svg","contentUrl":"https:\/\/arioncoaching.com\/wp-content\/uploads\/2024\/06\/lifestyle-blog-blob-01.svg"},{"@type":"BreadcrumbList","@id":"https:\/\/arioncoaching.com\/fr\/entreprises\/#breadcrumb","itemListElement":[{"@type":"ListItem","position":1,"name":"Portada","item":"https:\/\/arioncoaching.com\/fr\/"},{"@type":"ListItem","position":2,"name":"Entreprises"}]},{"@type":"WebSite","@id":"https:\/\/arioncoaching.com\/fr\/#website","url":"https:\/\/arioncoaching.com\/fr\/","name":"Arion Coaching","description":"Coaching con Caballos en Finca Mangueta, Vejer de la Frontera, C\u00e1diz","publisher":{"@id":"https:\/\/arioncoaching.com\/fr\/#organization"},"potentialAction":[{"@type":"SearchAction","target":{"@type":"EntryPoint","urlTemplate":"https:\/\/arioncoaching.com\/fr\/?s={search_term_string}"},"query-input":{"@type":"PropertyValueSpecification","valueRequired":true,"valueName":"search_term_string"}}],"inLanguage":"fr-FR"},{"@type":"Organization","@id":"https:\/\/arioncoaching.com\/fr\/#organization","name":"Arion Coaching","url":"https:\/\/arioncoaching.com\/fr\/","logo":{"@type":"ImageObject","inLanguage":"fr-FR","@id":"https:\/\/arioncoaching.com\/fr\/#\/schema\/logo\/image\/","url":"https:\/\/arioncoaching.com\/wp-content\/uploads\/2024\/06\/cropped-favicon.png","contentUrl":"https:\/\/arioncoaching.com\/wp-content\/uploads\/2024\/06\/cropped-favicon.png","width":512,"height":512,"caption":"Arion Coaching"},"image":{"@id":"https:\/\/arioncoaching.com\/fr\/#\/schema\/logo\/image\/"},"sameAs":["https:\/\/www.instagram.com\/arion_coaching\/"]}]}},"_links":{"self":[{"href":"https:\/\/arioncoaching.com\/fr\/wp-json\/wp\/v2\/pages\/1275","targetHints":{"allow":["GET"]}}],"collection":[{"href":"https:\/\/arioncoaching.com\/fr\/wp-json\/wp\/v2\/pages"}],"about":[{"href":"https:\/\/arioncoaching.com\/fr\/wp-json\/wp\/v2\/types\/page"}],"author":[{"embeddable":true,"href":"https:\/\/arioncoaching.com\/fr\/wp-json\/wp\/v2\/users\/1"}],"replies":[{"embeddable":true,"href":"https:\/\/arioncoaching.com\/fr\/wp-json\/wp\/v2\/comments?post=1275"}],"version-history":[{"count":18,"href":"https:\/\/arioncoaching.com\/fr\/wp-json\/wp\/v2\/pages\/1275\/revisions"}],"predecessor-version":[{"id":1443,"href":"https:\/\/arioncoaching.com\/fr\/wp-json\/wp\/v2\/pages\/1275\/revisions\/1443"}],"wp:attachment":[{"href":"https:\/\/arioncoaching.com\/fr\/wp-json\/wp\/v2\/media?parent=1275"}],"curies":[{"name":"wp","href":"https:\/\/api.w.org\/{rel}","templated":true}]}}