{"id":1271,"date":"2024-06-13T15:57:44","date_gmt":"2024-06-13T15:57:44","guid":{"rendered":"https:\/\/arioncoaching.com\/commencement\/"},"modified":"2025-03-09T11:30:00","modified_gmt":"2025-03-09T11:30:00","slug":"commencement","status":"publish","type":"page","link":"https:\/\/arioncoaching.com\/fr\/","title":{"rendered":"Accueil"},"content":{"rendered":"<h1 class=\"has-text-align-center wp-block-heading\">Equicoaching, coaching par le cheval<\/h1>\n\n<h3 class=\"wp-block-heading\">Prenez votre vie en main !<\/h3>\n\n<p>Equicoaching, coaching par le cheval\u2026 Qu\u2019est-ce que c\u2019est? C\u2019est un accompagnement des personnes dans leur d\u00e9veloppement personnel et professionnel. Que vous ayez ou non de l\u2019exp\u00e9rience avec les chevaux, tout le monde peut commencer un processus d\u2018 equicoaching!      <strong>L\u2019equicoaching consiste \u00e0 vous accompagner tout au long de votre chemin d\u2019apprentissage et de d\u00e9veloppement, qu\u2019il soit personnel ou professionnel.<\/strong><\/p>\n<p>Lors d\u2019une session de coaching par le cheval, tout le travail se fait pied \u00e0 terre, il n\u2019est pas n\u00e9cessaire d\u2019avoir des connaissances d\u2019\u00e9quitation, le cheval est un coach \u00e0 part enti\u00e8re, il interagit avec vous tout au long de la s\u00e9ance de mani\u00e8re passive ou active en fonction de ce qui se passe et des exercices propos\u00e9s, et il vous donnera un feedback direct et imm\u00e9diat. <\/p>\n<p>C\u2019est un apprentissage bas\u00e9 sur l\u2019exp\u00e9rience entre vous et le cheval, o\u00f9 l\u2019animal devient un miroir, une m\u00e9taphore de ce qui vous arrive. L\u2019equicoaching est un accompagnement pour d\u00e9velopper des strat\u00e9gies qui vous permettent d\u2019atteindre les objectifs que vous vous \u00eates fix\u00e9s. <\/p>\n\n<h3 class=\"wp-block-heading\">Pourquoi avec des chevaux?<\/h3>\n\n<p>Les chevaux sont des animaux tr\u00e8s sociables et \u00e9motionnels, capables de percevoir imm\u00e9diatement nos \u00e9motions. Ce sont de vrais ma\u00eetres dans la pratique du \u00abici\u00bb et \u00abmaintenant\u00bb, du moment pr\u00e9sent et de fabuleux indicateurs d\u2019authenticit\u00e9 et de coh\u00e9rence. Ils ne mentent pas, ils n\u2019ont pas d\u2019\u00e9go, ils ne jugent pas, mais ils r\u00e9agissent sur ce qu\u2019ils per\u00e7oivent.  <\/p>\n<p>Ils sont capables d\u2019accentuer notre sensibilit\u00e9 et de promouvoir des qualit\u00e9s telles que l\u2019empathie, la communication non verbale et les relations avec les autres. Avec eux, vous ne pouvez pas tricher ou mentir, ils permettent donc aux processus d\u2019\u00eatre beaucoup plus efficaces qu\u2019avec des sessions de coaching traditionnel, o\u00f9 une personne peut prendre plusieurs sessions pour s\u2019ouvrir \u00e0 son coach ou \u00eatre sinc\u00e8re avec elle-m\u00eame. <\/p>\n\n<p><iframe loading=\"lazy\" style=\"border: 0;\" src=\"https:\/\/www.google.com\/maps\/embed?pb=!1m18!1m12!1m3!1d4552.221982143577!2d-6.0493861!3d36.209095999999995!2m3!1f0!2f0!3f0!3m2!1i1024!2i768!4f13.1!3m3!1m2!1s0xd0c470582a21e37%3A0xe9f859a9c3310076!2sAri%C3%B3n%20Coaching!5e1!3m2!1ses!2ses!4v1720957460956!5m2!1ses!2ses\" width=\"1440\" height=\"300\" allowfullscreen=\"allowfullscreen\"><\/iframe><\/p>\n\n<figure class=\"wp-block-image size-full\"><a ><img loading=\"lazy\" decoding=\"async\" width=\"1440\" height=\"1920\" src=\"https:\/\/arioncoaching.com\/wp-content\/uploads\/2024\/07\/ARION-Coaching-con-caballos-V-4.jpg\" alt class=\"wp-image-280\" srcset=\"https:\/\/arioncoaching.com\/wp-content\/uploads\/2024\/07\/ARION-Coaching-con-caballos-V-4.jpg 1440w, https:\/\/arioncoaching.com\/wp-content\/uploads\/2024\/07\/ARION-Coaching-con-caballos-V-4-225x300.jpg 225w, https:\/\/arioncoaching.com\/wp-content\/uploads\/2024\/07\/ARION-Coaching-con-caballos-V-4-768x1024.jpg 768w, https:\/\/arioncoaching.com\/wp-content\/uploads\/2024\/07\/ARION-Coaching-con-caballos-V-4-1152x1536.jpg 1152w\" sizes=\"auto, (max-width: 1440px) 100vw, 1440px\" \/><\/a><\/figure>\n\n<div class=\"wp-block-buttons is-layout-flex wp-block-buttons-is-layout-flex\"><div class=\"wp-block-button\"><a class=\"wp-block-button__link\">Particuliers<\/a><\/div><\/div>\n\n<figure class=\"wp-block-image size-full\"><a ><img loading=\"lazy\" decoding=\"async\" width=\"1442\" height=\"1920\" src=\"https:\/\/arioncoaching.com\/wp-content\/uploads\/2024\/07\/ARION-Coaching-con-caballos-V-1.jpg\" alt class=\"wp-image-309\" srcset=\"https:\/\/arioncoaching.com\/wp-content\/uploads\/2024\/07\/ARION-Coaching-con-caballos-V-1.jpg 1442w, https:\/\/arioncoaching.com\/wp-content\/uploads\/2024\/07\/ARION-Coaching-con-caballos-V-1-225x300.jpg 225w, https:\/\/arioncoaching.com\/wp-content\/uploads\/2024\/07\/ARION-Coaching-con-caballos-V-1-769x1024.jpg 769w, https:\/\/arioncoaching.com\/wp-content\/uploads\/2024\/07\/ARION-Coaching-con-caballos-V-1-768x1023.jpg 768w, https:\/\/arioncoaching.com\/wp-content\/uploads\/2024\/07\/ARION-Coaching-con-caballos-V-1-1154x1536.jpg 1154w\" sizes=\"auto, (max-width: 1442px) 100vw, 1442px\" \/><\/a><\/figure>\n\n<div class=\"wp-block-buttons is-layout-flex wp-block-buttons-is-layout-flex\"><div class=\"wp-block-button\"><a class=\"wp-block-button__link\">Entreprises<\/a><\/div><\/div>\n\n<figure class=\"wp-block-image size-full\"><a ><img loading=\"lazy\" decoding=\"async\" width=\"1440\" height=\"1920\" src=\"https:\/\/arioncoaching.com\/wp-content\/uploads\/2024\/07\/ARION-Coaching-con-caballos-11.jpg\" alt class=\"wp-image-306\" srcset=\"https:\/\/arioncoaching.com\/wp-content\/uploads\/2024\/07\/ARION-Coaching-con-caballos-11.jpg 1440w, https:\/\/arioncoaching.com\/wp-content\/uploads\/2024\/07\/ARION-Coaching-con-caballos-11-225x300.jpg 225w, https:\/\/arioncoaching.com\/wp-content\/uploads\/2024\/07\/ARION-Coaching-con-caballos-11-768x1024.jpg 768w, https:\/\/arioncoaching.com\/wp-content\/uploads\/2024\/07\/ARION-Coaching-con-caballos-11-1152x1536.jpg 1152w\" sizes=\"auto, (max-width: 1440px) 100vw, 1440px\" \/><\/a><\/figure>\n\n<div class=\"wp-block-buttons is-layout-flex wp-block-buttons-is-layout-flex\"><div class=\"wp-block-button\"><a class=\"wp-block-button__link\">Mindfulness<\/a><\/div><\/div>\n\n<h2 class=\"has-text-align-center wp-block-heading\">O\u00f9 sommes-nous?<\/h2>\n\n<p><br><\/p>\n\n<figure class=\"wp-block-image size-full\"><img decoding=\"async\" src=\"https:\/\/arioncoaching.com\/wp-content\/uploads\/2024\/06\/lifestyle-blog-blob-02.svg\" alt class=\"wp-image-30\" width=\"250\"><\/figure>\n\n<figure class=\"wp-block-image size-full\"><img decoding=\"async\" src=\"https:\/\/arioncoaching.com\/wp-content\/uploads\/2024\/06\/lifestyle-blog-blob-04.svg\" alt class=\"wp-image-31\" width=\"250\"><\/figure>\n\n<figure class=\"wp-block-image size-full\"><img decoding=\"async\" src=\"https:\/\/arioncoaching.com\/wp-content\/uploads\/2024\/06\/lifestyle-blog-blob-05.svg\" alt class=\"wp-image-32\"><\/figure>\n\n<figure class=\"wp-block-image size-full\"><img decoding=\"async\" src=\"https:\/\/arioncoaching.com\/wp-content\/uploads\/2024\/06\/lifestyle-blog-blob-03.svg\" alt class=\"wp-image-33\"><\/figure>\n\n<h4 class=\"wp-block-heading\">Et si une simple question pouvait vous aider \u00e0 cr\u00e9er la vie dont vous r\u00eavez?<\/h4>\n\n<h2 class=\"has-text-align-center wp-block-heading\">Mes services<\/h2>\n\n<p>Dans une enclave unique o\u00f9 vous pourrez sentir la nature, entour\u00e9 d\u2019une for\u00eat d\u2019oliviers sauvages.<\/p>\n<p>Nous sommes situ\u00e9s sur la plage de Mangueta sur la C\u00f4te de Vejer, \u00e0 10 minutes de la plage de El Palmar, de <strong>Vejer de la Frontera<\/strong> et \u00e0 moins de 40 minutes de Cadix, en Andalousie.<\/p>\n<p>Autres lieux disponibles:<\/p>\n<ul>\n<li>Carmona (S\u00e9ville)<\/li>\n<li>M\u00e1laga (Prochainement)<\/li>\n<\/ul>\n\n<h2 class=\"wp-block-heading\">T\u00e9moignages<\/h2>\n\n<p>J\u2019ai fait le coaching d\u2019accompagnement avec des chevaux avec Ana\u00efs et \u00e7a a \u00e9t\u00e9 une exp\u00e9rience merveilleuse. Une fa\u00e7on de me connecter avec moi-m\u00eame, avec la nature et les chevaux.   <br>Un processus de connaissance de soi brutale que je n\u2019avais jamais connu auparavant. Merci Ana\u00efs pour ton \u00e9coute, ta capacit\u00e9 \u00e0 accompagner et \u00e0 d\u00e9couvrir des parties de moi qui \u00e9taient cach\u00e9es.   <br>Totalmente recomendable<\/p>\n\n<h0>Mamen<\/h0>\n\n<h0>Danielle<\/h0>\n\n<p>Une exp\u00e9rience merveilleuse. Super recommand\u00e9 !! J\u2019ai fait l\u2019atelier de pleine conscience avec des chevaux, une tr\u00e8s belle exp\u00e9rience. Un endroit spectaculaire en pleine nature. J\u2019ai ador\u00e9 et c\u2019\u00e9tait une exp\u00e9rience incroyable d\u2019\u00eatre en plein essor avec les chevaux \u00e0 c\u00f4t\u00e9 de moi et en pleine nature. Il explique tout super bien. Merci pour cette merveilleuse exp\u00e9rience !!    <\/p>\n\n<h0>Klaudia<\/h0>\n\n<div>Une exp\u00e9rience absolument extraordinaire! \u2728<\/div>\n<p>Je suis venu sans attentes mais avec un esprit ouvert pour voir ce qui est possible. L\u2019exp\u00e9rience Caballo Coaching est un excellent moyen de se connecter avec vous-m\u00eame et d\u2019obtenir des conseils incroyables. Les chevaux sont fantastiques et Ana\u00efs aussi ! C\u2019est une coach tellement douce et professionnelle.<br>Je vous recommande vivement de ne rien planifier apr\u00e8s la s\u00e9ance, afin d\u2019avoir suffisamment de temps pour r\u00e9fl\u00e9chir et tirer le meilleur parti des conseils que vous avez re\u00e7us.<br>Quoi qu\u2019il se passe dans votre vie, cet endroit vous donnera une direction plus claire. \ud83e\ude77<br>Merci   <\/p>\n\n<h0>Henrica<\/h0>\n\n<p>C\u2019est un cadeau pour vous ! Ana\u00efs est l\u00e0 avec les chevaux pour en faire une exp\u00e9rience tr\u00e8s personnelle&#8230; C\u2019est vous qui d\u00e9cidez&#8230; Ana\u00efs est tr\u00e8s sympathique et d\u00e9tendue et pose les bonnes questions&#8230; les chevaux vous donnent un reflet de vous \u00e0 ce moment-l\u00e0 ! J\u2019ai \u00e9t\u00e9 tr\u00e8s impressionn\u00e9 et \u00e9mu par ce qui s\u2019est pass\u00e9. Je n\u2019aurais jamais voulu manquer cette exp\u00e9rience !    <\/p>\n\n<h0>Claudia<\/h0>\n\n<p>Ana\u00efs m\u2019a accompagn\u00e9 avec professionnalisme, tr\u00e8s attentif et avec c\u0153ur, \u00e0 travers un processus tr\u00e8s personnel. Je suis tr\u00e8s reconnaissante d\u2019avoir eu la possibilit\u00e9 de me stabiliser \u00e0 nouveau avec son soutien afin d\u2019avoir de nouvelles id\u00e9es sur la fa\u00e7on de mieux g\u00e9rer les moments difficiles dans lesquels je me trouve actuellement. <\/p>\n\n<figure class=\"wp-block-image size-full\"><img loading=\"lazy\" decoding=\"async\" width=\"2560\" height=\"1440\" src=\"https:\/\/arioncoaching.com\/wp-content\/uploads\/2025\/03\/Lugar-Eventos-Liderazgo-Cadiz-scaled.jpg\" alt class=\"wp-image-1458\" srcset=\"https:\/\/arioncoaching.com\/wp-content\/uploads\/2025\/03\/Lugar-Eventos-Liderazgo-Cadiz-scaled.jpg 2560w, https:\/\/arioncoaching.com\/wp-content\/uploads\/2025\/03\/Lugar-Eventos-Liderazgo-Cadiz-300x169.jpg 300w, https:\/\/arioncoaching.com\/wp-content\/uploads\/2025\/03\/Lugar-Eventos-Liderazgo-Cadiz-1024x576.jpg 1024w, https:\/\/arioncoaching.com\/wp-content\/uploads\/2025\/03\/Lugar-Eventos-Liderazgo-Cadiz-768x432.jpg 768w, https:\/\/arioncoaching.com\/wp-content\/uploads\/2025\/03\/Lugar-Eventos-Liderazgo-Cadiz-1536x864.jpg 1536w, https:\/\/arioncoaching.com\/wp-content\/uploads\/2025\/03\/Lugar-Eventos-Liderazgo-Cadiz-2048x1152.jpg 2048w\" sizes=\"auto, (max-width: 2560px) 100vw, 2560px\" \/><\/figure>\n\n<h3 class=\"wp-block-heading\">Ana\u00efs B\u00e9ranger, Coach et Fondatrice<\/h3>\n\n<p>R\u00e9aliser mon r\u00eave! Vivre entre la mer et les chevaux et pouvoir vivre de mes passions\u2026 Equicoach et coach certifi\u00e9e, j\u2019accompagne les personnes dans leurs processus de changement et de d\u00e9veloppement, aussi bien personnels que professionnels, je les accompagne pour surmonter leurs blocages, d\u00e9couvrir leur potentiel, am\u00e9liorer leurs comp\u00e9tences et atteindre leurs objectifs. <\/p>\n<p>Suite \u00e0 mon propre processus de coaching, apr\u00e8s avoir v\u00e9cu dans plusieurs pays, je me suis install\u00e9e sur la Costa de la Luz, pr\u00e8s de Vejer de la Frontera en Andalousie pour me consacrer pleinement \u00e0 l equicoaching. Ma passion est d\u2019accompagner les gens dans leur croissance personnelle et professionnelle, de les accompagner dans leurs processus de changement, de d\u00e9veloppement et de valoriser leurs qualit\u00e9s. Je crois fermement en l\u2019homme et en sa capacit\u00e9 \u00e0 se connecter avec lui-m\u00eame, avec l\u2019humanit\u00e9 de l\u2019autre et avec son environnement.  <\/p>\n<p><em>Pendant plus de 13 ans je me suis consacr\u00e9e au monde des ressources humaines dans le secteur du Retail pour diff\u00e9rentes multinationales. J\u2019y ai forg\u00e9 une expertise en formation, d\u00e9veloppement, recrutement, communication, engagement et gestion du changement. Travaillant en \u00e9troite relation avec les managers et les employ\u00e9s pour atteindre les objectifs. <\/em><\/p>\n<p>Dans cet environnement, j\u2019ai d\u00e9velopp\u00e9 mes comp\u00e9tences d\u2019\u00e9coute active, de communication et d\u2019empathie pour aider les managers et les employ\u00e9s \u00e0 prendre les meilleures d\u00e9cisions pour leurs \u00e9quipes et leur d\u00e9veloppement professionnel.<br>Avec une solide exp\u00e9rience dans le secteur priv\u00e9 et mon exp\u00e9rience personnelle, je suis aujourd\u2019hui en mesure de fournir un accompagnement personnalis\u00e9 et unique en plusieurs langues (espagnol, fran\u00e7ais et anglais). <\/p>\n\n<h3 class=\"wp-block-heading\">Les chevaux<\/h3>\n\n<p>Nous disposons d\u2019environ 40 \u00e9quid\u00e9s, pour la plupart des chevaux, des \u00e2nes et un poney. Les chevaux vivent ensemble en libert\u00e9 dans des paddocks \u00e0 l\u2019ombre des oliviers sauvages. Dans le groupe, il y a des chevaux de toutes sortes, pur sang anglais, espagnols, poulains, c\u00e2lins, espi\u00e8gles, avec du caract\u00e8re, ici ce qui pr\u00e9vaut, c\u2019est que chacun conserve sa personnalit\u00e9 et vive de la mani\u00e8re la plus naturelle possible.  <\/p>\n\n<figure class=\"wp-block-video\"><video height=\"720\" style=\"aspect-ratio: 1280 \/ 720;\" width=\"1280\" controls src=\"https:\/\/arioncoaching.com\/wp-content\/uploads\/2024\/11\/Arion-Camaradecomercio-1.m4v\"><\/video><\/figure>\n\n<h0>Anabel<\/h0>\n\n<p><span data-4da00fc1-ee18-46bd-b4c4-47473d89d8a6-7=\"true\">Je n&rsquo;aurais JAMAIS pu imaginer comment ils pouvaient m&rsquo;aider d&rsquo;une mani\u00e8re aussi profonde \u00e0 travers cette activit\u00e9. Vous n&rsquo;avez besoin d&rsquo;aucune connaissance en \u00e9quitation, et c&rsquo;est INCROYABLE, je dirais m\u00eame MAGIQUE, la fa\u00e7on dont les chevaux per\u00e7oivent vos \u00e9motions et vos sentiments, r\u00e9agissant imm\u00e9diatement, ce qui vous permet de voir et de comprendre comment appliquer des am\u00e9liorations dans les domaines que vous souhaitez travailler.<br data-4da00fc1-ee18-46bd-b4c4-47473d89d8a6-114=\"true\">Les conseils d&rsquo;Ana\u00efs ont \u00e9t\u00e9 essentiels dans ce processus. Gr\u00e2ce \u00e0 une s\u00e9rie d&rsquo;exercices soigneusement planifi\u00e9s et \u00e0 son aide pour expliquer ce qui se passe ou demander ce qui peut se passer dans cette partie que vous ne voyez pas, elle aide beaucoup \u00e0 avancer. Il ne s&rsquo;agit pas pour elle de donner des conseils ou des recommandations directes ; elle vous aide plut\u00f4t \u00e0 tirer vos propres conclusions.<br data-4da00fc1-ee18-46bd-b4c4-47473d89d8a6-117=\"true\">Au cours des cinq s\u00e9ances que j&rsquo;ai suivies, j&rsquo;ai ri, pleur\u00e9 et APPRIS PLUS QUE DEPUIS DE NOMBREUSES ANN\u00c9ES. J&rsquo;ai d\u00e9couvert des aspects essentiels sur les \u00e9motions, les besoins des personnes, l&rsquo;importance de l&rsquo;\u00e9coute, l&rsquo;acceptation et la fa\u00e7on d&rsquo;\u00e9tablir des limites avec calme. Mais surtout, gr\u00e2ce \u00e0 ces s\u00e9ances, je sais maintenant que je peux atteindre les objectifs que je me suis fix\u00e9s. Ce n&rsquo;est pas facile et cela ne se fait pas du jour au lendemain, mais j&rsquo;ai d\u00e9j\u00e0 commenc\u00e9 \u00e0 voir des r\u00e9sultats et un chemin clair vers l&rsquo;am\u00e9lioration.<br data-4da00fc1-ee18-46bd-b4c4-47473d89d8a6-120=\"true\">Je crois que tout le monde, quel que soit son \u00e2ge ou sa situation, devrait tenter cette exp\u00e9rience, des s\u00e9ances personnelles et enrichissantes qui vous remplissent le c\u0153ur.      <\/span><\/p>\n\n<h0>Responsable Marketing Secteur Tech<\/h0>","protected":false},"excerpt":{"rendered":"<p>Equicoaching, coaching par le cheval Prenez votre vie en main ! Equicoaching, coaching par le cheval\u2026 Qu\u2019est-ce que c\u2019est? C\u2019est un accompagnement des personnes dans leur d\u00e9veloppement personnel et professionnel. Que vous ayez ou non de l\u2019exp\u00e9rience avec les chevaux, tout le monde peut commencer un processus d\u2018 equicoaching! L\u2019equicoaching consiste \u00e0 vous accompagner tout [&hellip;]<\/p>\n","protected":false},"author":1,"featured_media":0,"parent":0,"menu_order":0,"comment_status":"closed","ping_status":"closed","template":"","meta":{"footnotes":""},"class_list":["post-1271","page","type-page","status-publish","hentry"],"yoast_head":"<!-- This site is optimized with the Yoast SEO plugin v27.3 - https:\/\/yoast.com\/product\/yoast-seo-wordpress\/ -->\n<title>Accueil - Arion Coaching<\/title>\n<meta name=\"robots\" content=\"index, follow, max-snippet:-1, max-image-preview:large, max-video-preview:-1\" \/>\n<link rel=\"canonical\" href=\"https:\/\/arioncoaching.com\/fr\/\" \/>\n<meta property=\"og:locale\" content=\"fr_FR\" \/>\n<meta property=\"og:type\" content=\"article\" \/>\n<meta property=\"og:title\" content=\"Accueil - Arion Coaching\" \/>\n<meta property=\"og:description\" content=\"Equicoaching, coaching par le cheval Prenez votre vie en main ! Equicoaching, coaching par le cheval\u2026 Qu\u2019est-ce que c\u2019est? C\u2019est un accompagnement des personnes dans leur d\u00e9veloppement personnel et professionnel. Que vous ayez ou non de l\u2019exp\u00e9rience avec les chevaux, tout le monde peut commencer un processus d\u2018 equicoaching! L\u2019equicoaching consiste \u00e0 vous accompagner tout [&hellip;]\" \/>\n<meta property=\"og:url\" content=\"https:\/\/arioncoaching.com\/fr\/\" \/>\n<meta property=\"og:site_name\" content=\"Arion Coaching\" \/>\n<meta property=\"article:modified_time\" content=\"2025-03-09T11:30:00+00:00\" \/>\n<meta property=\"og:image\" content=\"https:\/\/arioncoaching.com\/wp-content\/uploads\/2024\/07\/ARION-Coaching-con-caballos-V-4.jpg\" \/>\n\t<meta property=\"og:image:width\" content=\"1440\" \/>\n\t<meta property=\"og:image:height\" content=\"1920\" \/>\n\t<meta property=\"og:image:type\" content=\"image\/jpeg\" \/>\n<meta name=\"twitter:card\" content=\"summary_large_image\" \/>\n<meta name=\"twitter:label1\" content=\"Dur\u00e9e de lecture estim\u00e9e\" \/>\n\t<meta name=\"twitter:data1\" content=\"7 minutes\" \/>\n<script type=\"application\/ld+json\" class=\"yoast-schema-graph\">{\"@context\":\"https:\\\/\\\/schema.org\",\"@graph\":[{\"@type\":\"WebPage\",\"@id\":\"https:\\\/\\\/arioncoaching.com\\\/fr\\\/\",\"url\":\"https:\\\/\\\/arioncoaching.com\\\/fr\\\/\",\"name\":\"Accueil - Arion Coaching\",\"isPartOf\":{\"@id\":\"https:\\\/\\\/arioncoaching.com\\\/fr\\\/#website\"},\"primaryImageOfPage\":{\"@id\":\"https:\\\/\\\/arioncoaching.com\\\/fr\\\/#primaryimage\"},\"image\":{\"@id\":\"https:\\\/\\\/arioncoaching.com\\\/fr\\\/#primaryimage\"},\"thumbnailUrl\":\"https:\\\/\\\/arioncoaching.com\\\/wp-content\\\/uploads\\\/2024\\\/07\\\/ARION-Coaching-con-caballos-V-4.jpg\",\"datePublished\":\"2024-06-13T15:57:44+00:00\",\"dateModified\":\"2025-03-09T11:30:00+00:00\",\"breadcrumb\":{\"@id\":\"https:\\\/\\\/arioncoaching.com\\\/fr\\\/#breadcrumb\"},\"inLanguage\":\"fr-FR\",\"potentialAction\":[{\"@type\":\"ReadAction\",\"target\":[\"https:\\\/\\\/arioncoaching.com\\\/fr\\\/\"]}]},{\"@type\":\"ImageObject\",\"inLanguage\":\"fr-FR\",\"@id\":\"https:\\\/\\\/arioncoaching.com\\\/fr\\\/#primaryimage\",\"url\":\"https:\\\/\\\/arioncoaching.com\\\/wp-content\\\/uploads\\\/2024\\\/07\\\/ARION-Coaching-con-caballos-V-4.jpg\",\"contentUrl\":\"https:\\\/\\\/arioncoaching.com\\\/wp-content\\\/uploads\\\/2024\\\/07\\\/ARION-Coaching-con-caballos-V-4.jpg\"},{\"@type\":\"BreadcrumbList\",\"@id\":\"https:\\\/\\\/arioncoaching.com\\\/fr\\\/#breadcrumb\",\"itemListElement\":[{\"@type\":\"ListItem\",\"position\":1,\"name\":\"Portada\",\"item\":\"https:\\\/\\\/arioncoaching.com\\\/fr\\\/\"},{\"@type\":\"ListItem\",\"position\":2,\"name\":\"Accueil\"}]},{\"@type\":\"WebSite\",\"@id\":\"https:\\\/\\\/arioncoaching.com\\\/fr\\\/#website\",\"url\":\"https:\\\/\\\/arioncoaching.com\\\/fr\\\/\",\"name\":\"Arion Coaching\",\"description\":\"Coaching con Caballos en Finca Mangueta, Vejer de la Frontera, C\u00e1diz\",\"publisher\":{\"@id\":\"https:\\\/\\\/arioncoaching.com\\\/fr\\\/#organization\"},\"potentialAction\":[{\"@type\":\"SearchAction\",\"target\":{\"@type\":\"EntryPoint\",\"urlTemplate\":\"https:\\\/\\\/arioncoaching.com\\\/fr\\\/?s={search_term_string}\"},\"query-input\":{\"@type\":\"PropertyValueSpecification\",\"valueRequired\":true,\"valueName\":\"search_term_string\"}}],\"inLanguage\":\"fr-FR\"},{\"@type\":\"Organization\",\"@id\":\"https:\\\/\\\/arioncoaching.com\\\/fr\\\/#organization\",\"name\":\"Arion Coaching\",\"url\":\"https:\\\/\\\/arioncoaching.com\\\/fr\\\/\",\"logo\":{\"@type\":\"ImageObject\",\"inLanguage\":\"fr-FR\",\"@id\":\"https:\\\/\\\/arioncoaching.com\\\/fr\\\/#\\\/schema\\\/logo\\\/image\\\/\",\"url\":\"https:\\\/\\\/arioncoaching.com\\\/wp-content\\\/uploads\\\/2024\\\/06\\\/cropped-favicon.png\",\"contentUrl\":\"https:\\\/\\\/arioncoaching.com\\\/wp-content\\\/uploads\\\/2024\\\/06\\\/cropped-favicon.png\",\"width\":512,\"height\":512,\"caption\":\"Arion Coaching\"},\"image\":{\"@id\":\"https:\\\/\\\/arioncoaching.com\\\/fr\\\/#\\\/schema\\\/logo\\\/image\\\/\"},\"sameAs\":[\"https:\\\/\\\/www.instagram.com\\\/arion_coaching\\\/\"]}]}<\/script>\n<!-- \/ Yoast SEO plugin. -->","yoast_head_json":{"title":"Accueil - Arion Coaching","robots":{"index":"index","follow":"follow","max-snippet":"max-snippet:-1","max-image-preview":"max-image-preview:large","max-video-preview":"max-video-preview:-1"},"canonical":"https:\/\/arioncoaching.com\/fr\/","og_locale":"fr_FR","og_type":"article","og_title":"Accueil - Arion Coaching","og_description":"Equicoaching, coaching par le cheval Prenez votre vie en main ! Equicoaching, coaching par le cheval\u2026 Qu\u2019est-ce que c\u2019est? C\u2019est un accompagnement des personnes dans leur d\u00e9veloppement personnel et professionnel. Que vous ayez ou non de l\u2019exp\u00e9rience avec les chevaux, tout le monde peut commencer un processus d\u2018 equicoaching! L\u2019equicoaching consiste \u00e0 vous accompagner tout [&hellip;]","og_url":"https:\/\/arioncoaching.com\/fr\/","og_site_name":"Arion Coaching","article_modified_time":"2025-03-09T11:30:00+00:00","og_image":[{"width":1440,"height":1920,"url":"https:\/\/arioncoaching.com\/wp-content\/uploads\/2024\/07\/ARION-Coaching-con-caballos-V-4.jpg","type":"image\/jpeg"}],"twitter_card":"summary_large_image","twitter_misc":{"Dur\u00e9e de lecture estim\u00e9e":"7 minutes"},"schema":{"@context":"https:\/\/schema.org","@graph":[{"@type":"WebPage","@id":"https:\/\/arioncoaching.com\/fr\/","url":"https:\/\/arioncoaching.com\/fr\/","name":"Accueil - Arion Coaching","isPartOf":{"@id":"https:\/\/arioncoaching.com\/fr\/#website"},"primaryImageOfPage":{"@id":"https:\/\/arioncoaching.com\/fr\/#primaryimage"},"image":{"@id":"https:\/\/arioncoaching.com\/fr\/#primaryimage"},"thumbnailUrl":"https:\/\/arioncoaching.com\/wp-content\/uploads\/2024\/07\/ARION-Coaching-con-caballos-V-4.jpg","datePublished":"2024-06-13T15:57:44+00:00","dateModified":"2025-03-09T11:30:00+00:00","breadcrumb":{"@id":"https:\/\/arioncoaching.com\/fr\/#breadcrumb"},"inLanguage":"fr-FR","potentialAction":[{"@type":"ReadAction","target":["https:\/\/arioncoaching.com\/fr\/"]}]},{"@type":"ImageObject","inLanguage":"fr-FR","@id":"https:\/\/arioncoaching.com\/fr\/#primaryimage","url":"https:\/\/arioncoaching.com\/wp-content\/uploads\/2024\/07\/ARION-Coaching-con-caballos-V-4.jpg","contentUrl":"https:\/\/arioncoaching.com\/wp-content\/uploads\/2024\/07\/ARION-Coaching-con-caballos-V-4.jpg"},{"@type":"BreadcrumbList","@id":"https:\/\/arioncoaching.com\/fr\/#breadcrumb","itemListElement":[{"@type":"ListItem","position":1,"name":"Portada","item":"https:\/\/arioncoaching.com\/fr\/"},{"@type":"ListItem","position":2,"name":"Accueil"}]},{"@type":"WebSite","@id":"https:\/\/arioncoaching.com\/fr\/#website","url":"https:\/\/arioncoaching.com\/fr\/","name":"Arion Coaching","description":"Coaching con Caballos en Finca Mangueta, Vejer de la Frontera, C\u00e1diz","publisher":{"@id":"https:\/\/arioncoaching.com\/fr\/#organization"},"potentialAction":[{"@type":"SearchAction","target":{"@type":"EntryPoint","urlTemplate":"https:\/\/arioncoaching.com\/fr\/?s={search_term_string}"},"query-input":{"@type":"PropertyValueSpecification","valueRequired":true,"valueName":"search_term_string"}}],"inLanguage":"fr-FR"},{"@type":"Organization","@id":"https:\/\/arioncoaching.com\/fr\/#organization","name":"Arion Coaching","url":"https:\/\/arioncoaching.com\/fr\/","logo":{"@type":"ImageObject","inLanguage":"fr-FR","@id":"https:\/\/arioncoaching.com\/fr\/#\/schema\/logo\/image\/","url":"https:\/\/arioncoaching.com\/wp-content\/uploads\/2024\/06\/cropped-favicon.png","contentUrl":"https:\/\/arioncoaching.com\/wp-content\/uploads\/2024\/06\/cropped-favicon.png","width":512,"height":512,"caption":"Arion Coaching"},"image":{"@id":"https:\/\/arioncoaching.com\/fr\/#\/schema\/logo\/image\/"},"sameAs":["https:\/\/www.instagram.com\/arion_coaching\/"]}]}},"_links":{"self":[{"href":"https:\/\/arioncoaching.com\/fr\/wp-json\/wp\/v2\/pages\/1271","targetHints":{"allow":["GET"]}}],"collection":[{"href":"https:\/\/arioncoaching.com\/fr\/wp-json\/wp\/v2\/pages"}],"about":[{"href":"https:\/\/arioncoaching.com\/fr\/wp-json\/wp\/v2\/types\/page"}],"author":[{"embeddable":true,"href":"https:\/\/arioncoaching.com\/fr\/wp-json\/wp\/v2\/users\/1"}],"replies":[{"embeddable":true,"href":"https:\/\/arioncoaching.com\/fr\/wp-json\/wp\/v2\/comments?post=1271"}],"version-history":[{"count":16,"href":"https:\/\/arioncoaching.com\/fr\/wp-json\/wp\/v2\/pages\/1271\/revisions"}],"predecessor-version":[{"id":1467,"href":"https:\/\/arioncoaching.com\/fr\/wp-json\/wp\/v2\/pages\/1271\/revisions\/1467"}],"wp:attachment":[{"href":"https:\/\/arioncoaching.com\/fr\/wp-json\/wp\/v2\/media?parent=1271"}],"curies":[{"name":"wp","href":"https:\/\/api.w.org\/{rel}","templated":true}]}}