{"id":1277,"date":"2024-06-14T06:13:52","date_gmt":"2024-06-14T06:13:52","guid":{"rendered":"https:\/\/arioncoaching.com\/enterprises\/"},"modified":"2025-02-03T12:20:34","modified_gmt":"2025-02-03T12:20:34","slug":"enterprises","status":"publish","type":"page","link":"https:\/\/arioncoaching.com\/en\/enterprises\/","title":{"rendered":"Companies"},"content":{"rendered":"<figure class=\"wp-block-image size-full\"><img decoding=\"async\" src=\"https:\/\/arioncoaching.com\/wp-content\/uploads\/2024\/06\/lifestyle-blog-blob-01.svg\" alt=\"\" class=\"wp-image-29\"\/><\/figure><h1 class=\"wp-block-heading\">{post_title}<\/h1><figure class=\"wp-block-image size-full\"><img decoding=\"async\" src=\"https:\/\/arioncoaching.com\/wp-content\/uploads\/2024\/06\/lifestyle-blog-blob-02.svg\" alt=\"\" class=\"wp-image-30\" width=\"250\"\/><\/figure><figure class=\"wp-block-image size-full\"><img decoding=\"async\" src=\"https:\/\/arioncoaching.com\/wp-content\/uploads\/2024\/06\/lifestyle-blog-blob-03.svg\" alt=\"\" class=\"wp-image-33\"\/><\/figure><figure class=\"wp-block-image size-full\"><img decoding=\"async\" src=\"https:\/\/arioncoaching.com\/wp-content\/uploads\/2024\/06\/lifestyle-blog-blob-05.svg\" alt=\"\" class=\"wp-image-32\"\/><\/figure><figure class=\"wp-block-image size-full\"><img decoding=\"async\" src=\"https:\/\/arioncoaching.com\/wp-content\/uploads\/2024\/06\/lifestyle-blog-blob-04.svg\" alt=\"\" class=\"wp-image-31\" width=\"250\"\/><\/figure><h2 class=\"wp-block-heading\">Group session<\/h2><p><!-- wp:Array \/--><\/p>\n<h3 class=\"wp-block-heading\">Group session benefits<\/h3><ul class=\"wp-block-list\">\n<li>Your needs<\/li>\n<li>Your goal<\/li>\n<li>The follow-up<\/li>\n<\/ul><h3 class=\"wp-block-heading\">In our discussions prior to the Equine Assisted Coaching group sessions, we will define<\/h3><div id=\"particulier\" class=\"container-fluid toggleParticulier\">\n<div class=\"container\">\n<div class=\"row\">\n<div class=\"col-12\">\n<ul class=\"wp-block-list\">\n<li>Identified strengths and areas of improvement as a team<\/li>\n<li>Improved team cohesion<\/li>\n<li>Helps conflicts resolution<\/li>\n<li>Improved communication<\/li>\n<\/ul>\n<p><span class=\"mediumGraisse\">Las sesiones de coaching grupal con caballo se dise\u00f1an a medida en colaboraci\u00f3n con la compa\u00f1\u00eda, bas\u00e1ndose en una detecci\u00f3n de necesidades previa. De este modo se puede trabajar haciendo foco en las habilidades especificas establecidas con antelaci\u00f3n.<\/span><br\/>De la misma manera este approach a medida permite determinar la duraci\u00f3n as\u00ed como los asistentes para un resultado \u00f3ptimo.<br\/><span class=\"mediumgGraisse\">Es un momento privilegiado para un equipo, un momento para parar, sentir, reflexionar y emprender un plan de acci\u00f3n individual y grupal.<\/span><\/p>\n<\/div>\n<\/div>\n<\/div>\n<\/div><h3 class=\"wp-block-heading\">Executive coaching process benefits<\/h3><ul class=\"wp-block-list\">\n<li>Improved managerial skills<\/li>\n<li>Improved manager\u2019s relationship with direct team, superiors and with the entire organization<\/li>\n<li>Boost leadership, help inspire other people<\/li>\n<li>Increase self-awareness and help enhance talents and strengths<\/li>\n<li>Contribute to aligning the managerial interests with corporate ones, maximizing performance and fulfilment of the manager\u2019s objectives<\/li>\n<li>Helps conflicts resolution<\/li>\n<li>Positively affects conciliation and time management<\/li>\n<li>Helps to generate and maintain commitment, responsibility and initiative<\/li>\n<\/ul><h3 class=\"wp-block-heading\">To get the best out of a coaching process, we recommend<\/h3><ul class=\"wp-block-list\">\n<li>Minimum duration flexible between 2-4 months, with sessions around 1h30.<\/li>\n<li>Conversation between coach and coachee to be confidential.<\/li>\n<li>To focus on the future, to be structured and wherever possible, be measurable.<\/li>\n<li>The coachee needs to have the willingness to engage a coaching process and be committed to the process in an open, constructive and positive way.<\/li>\n<\/ul><h2 class=\"wp-block-heading\">Executive individual coaching process<\/h2><p><!-- wp:Array \/--><\/p>\n<h3 class=\"wp-block-heading\">Benefits of Team Building<\/h3><ul class=\"wp-block-list\">\n<li>A more motivated and enjoyable work environment<\/li>\n<li>Collaborative Company Culture<\/li>\n<li>Sincere Professional Relationships<\/li>\n<li>Engagement and Empathy<\/li>\n<li>United, Strengthened Team<\/li>\n<\/ul><h2 class=\"wp-block-heading\">Team Building<\/h2><p><!-- wp:Array \/--><\/p>\n<h3 class=\"wp-block-heading\">GROUP COACHING<\/h3><div class=\"wp-block-buttons is-layout-flex wp-block-buttons-is-layout-flex\"><div class=\"wp-block-button\"><a class=\"wp-block-button__link\">LEARN MORE<\/a><\/div><\/div><h3 class=\"wp-block-heading\">TEAM BUILDING<\/h3><div class=\"wp-block-buttons is-layout-flex wp-block-buttons-is-layout-flex\"><div class=\"wp-block-button\"><a class=\"wp-block-button__link\">LEARN MORE<\/a><\/div><\/div><h3 class=\"has-text-align-center wp-block-heading\">EXECUTIVE COACHING PROCESS<\/h3><div class=\"wp-block-buttons is-layout-flex wp-block-buttons-is-layout-flex\"><div class=\"wp-block-button\"><a class=\"wp-block-button__link\">LEARN MORE<\/a><\/div><\/div><p><!-- wp:Array \/--><\/p>\n<p><!-- wp:Array \/--><\/p>\n<p><!-- wp:Array \/--><\/p>\n","protected":false},"excerpt":{"rendered":"<p>{post_title} Group session Group session benefits Your needs Your goal The follow-up In our discussions prior to the Equine Assisted Coaching group sessions, we will define Identified strengths and areas of improvement as a team Improved team cohesion Helps conflicts resolution Improved communication Las sesiones de coaching grupal con caballo se dise\u00f1an a medida en [&hellip;]<\/p>\n","protected":false},"author":1,"featured_media":0,"parent":0,"menu_order":0,"comment_status":"closed","ping_status":"closed","template":"","meta":{"footnotes":""},"class_list":["post-1277","page","type-page","status-publish","hentry"],"yoast_head":"<!-- This site is optimized with the Yoast SEO plugin v27.3 - https:\/\/yoast.com\/product\/yoast-seo-wordpress\/ -->\n<title>Companies - Arion Coaching<\/title>\n<meta name=\"robots\" content=\"index, follow, max-snippet:-1, max-image-preview:large, max-video-preview:-1\" \/>\n<link rel=\"canonical\" href=\"https:\/\/arioncoaching.com\/en\/enterprises\/\" \/>\n<meta property=\"og:locale\" content=\"en_US\" \/>\n<meta property=\"og:type\" content=\"article\" \/>\n<meta property=\"og:title\" content=\"Companies - Arion Coaching\" \/>\n<meta property=\"og:description\" content=\"{post_title} Group session Group session benefits Your needs Your goal The follow-up In our discussions prior to the Equine Assisted Coaching group sessions, we will define Identified strengths and areas of improvement as a team Improved team cohesion Helps conflicts resolution Improved communication Las sesiones de coaching grupal con caballo se dise\u00f1an a medida en [&hellip;]\" \/>\n<meta property=\"og:url\" content=\"https:\/\/arioncoaching.com\/en\/enterprises\/\" \/>\n<meta property=\"og:site_name\" content=\"Arion Coaching\" \/>\n<meta property=\"article:modified_time\" content=\"2025-02-03T12:20:34+00:00\" \/>\n<meta name=\"twitter:card\" content=\"summary_large_image\" \/>\n<meta name=\"twitter:label1\" content=\"Est. reading time\" \/>\n\t<meta name=\"twitter:data1\" content=\"2 minutes\" \/>\n<script type=\"application\/ld+json\" class=\"yoast-schema-graph\">{\"@context\":\"https:\\\/\\\/schema.org\",\"@graph\":[{\"@type\":\"WebPage\",\"@id\":\"https:\\\/\\\/arioncoaching.com\\\/en\\\/enterprises\\\/\",\"url\":\"https:\\\/\\\/arioncoaching.com\\\/en\\\/enterprises\\\/\",\"name\":\"Companies - Arion Coaching\",\"isPartOf\":{\"@id\":\"https:\\\/\\\/arioncoaching.com\\\/en\\\/#website\"},\"primaryImageOfPage\":{\"@id\":\"https:\\\/\\\/arioncoaching.com\\\/en\\\/enterprises\\\/#primaryimage\"},\"image\":{\"@id\":\"https:\\\/\\\/arioncoaching.com\\\/en\\\/enterprises\\\/#primaryimage\"},\"thumbnailUrl\":\"https:\\\/\\\/arioncoaching.com\\\/wp-content\\\/uploads\\\/2024\\\/06\\\/lifestyle-blog-blob-01.svg\",\"datePublished\":\"2024-06-14T06:13:52+00:00\",\"dateModified\":\"2025-02-03T12:20:34+00:00\",\"breadcrumb\":{\"@id\":\"https:\\\/\\\/arioncoaching.com\\\/en\\\/enterprises\\\/#breadcrumb\"},\"inLanguage\":\"en-US\",\"potentialAction\":[{\"@type\":\"ReadAction\",\"target\":[\"https:\\\/\\\/arioncoaching.com\\\/en\\\/enterprises\\\/\"]}]},{\"@type\":\"ImageObject\",\"inLanguage\":\"en-US\",\"@id\":\"https:\\\/\\\/arioncoaching.com\\\/en\\\/enterprises\\\/#primaryimage\",\"url\":\"https:\\\/\\\/arioncoaching.com\\\/wp-content\\\/uploads\\\/2024\\\/06\\\/lifestyle-blog-blob-01.svg\",\"contentUrl\":\"https:\\\/\\\/arioncoaching.com\\\/wp-content\\\/uploads\\\/2024\\\/06\\\/lifestyle-blog-blob-01.svg\"},{\"@type\":\"BreadcrumbList\",\"@id\":\"https:\\\/\\\/arioncoaching.com\\\/en\\\/enterprises\\\/#breadcrumb\",\"itemListElement\":[{\"@type\":\"ListItem\",\"position\":1,\"name\":\"Portada\",\"item\":\"https:\\\/\\\/arioncoaching.com\\\/en\\\/\"},{\"@type\":\"ListItem\",\"position\":2,\"name\":\"Companies\"}]},{\"@type\":\"WebSite\",\"@id\":\"https:\\\/\\\/arioncoaching.com\\\/en\\\/#website\",\"url\":\"https:\\\/\\\/arioncoaching.com\\\/en\\\/\",\"name\":\"Arion Coaching\",\"description\":\"Coaching con Caballos en Finca Mangueta, Vejer de la Frontera, C\u00e1diz\",\"publisher\":{\"@id\":\"https:\\\/\\\/arioncoaching.com\\\/en\\\/#organization\"},\"potentialAction\":[{\"@type\":\"SearchAction\",\"target\":{\"@type\":\"EntryPoint\",\"urlTemplate\":\"https:\\\/\\\/arioncoaching.com\\\/en\\\/?s={search_term_string}\"},\"query-input\":{\"@type\":\"PropertyValueSpecification\",\"valueRequired\":true,\"valueName\":\"search_term_string\"}}],\"inLanguage\":\"en-US\"},{\"@type\":\"Organization\",\"@id\":\"https:\\\/\\\/arioncoaching.com\\\/en\\\/#organization\",\"name\":\"Arion Coaching\",\"url\":\"https:\\\/\\\/arioncoaching.com\\\/en\\\/\",\"logo\":{\"@type\":\"ImageObject\",\"inLanguage\":\"en-US\",\"@id\":\"https:\\\/\\\/arioncoaching.com\\\/en\\\/#\\\/schema\\\/logo\\\/image\\\/\",\"url\":\"https:\\\/\\\/arioncoaching.com\\\/wp-content\\\/uploads\\\/2024\\\/06\\\/cropped-favicon.png\",\"contentUrl\":\"https:\\\/\\\/arioncoaching.com\\\/wp-content\\\/uploads\\\/2024\\\/06\\\/cropped-favicon.png\",\"width\":512,\"height\":512,\"caption\":\"Arion Coaching\"},\"image\":{\"@id\":\"https:\\\/\\\/arioncoaching.com\\\/en\\\/#\\\/schema\\\/logo\\\/image\\\/\"},\"sameAs\":[\"https:\\\/\\\/www.instagram.com\\\/arion_coaching\\\/\"]}]}<\/script>\n<!-- \/ Yoast SEO plugin. -->","yoast_head_json":{"title":"Companies - Arion Coaching","robots":{"index":"index","follow":"follow","max-snippet":"max-snippet:-1","max-image-preview":"max-image-preview:large","max-video-preview":"max-video-preview:-1"},"canonical":"https:\/\/arioncoaching.com\/en\/enterprises\/","og_locale":"en_US","og_type":"article","og_title":"Companies - Arion Coaching","og_description":"{post_title} Group session Group session benefits Your needs Your goal The follow-up In our discussions prior to the Equine Assisted Coaching group sessions, we will define Identified strengths and areas of improvement as a team Improved team cohesion Helps conflicts resolution Improved communication Las sesiones de coaching grupal con caballo se dise\u00f1an a medida en [&hellip;]","og_url":"https:\/\/arioncoaching.com\/en\/enterprises\/","og_site_name":"Arion Coaching","article_modified_time":"2025-02-03T12:20:34+00:00","twitter_card":"summary_large_image","twitter_misc":{"Est. reading time":"2 minutes"},"schema":{"@context":"https:\/\/schema.org","@graph":[{"@type":"WebPage","@id":"https:\/\/arioncoaching.com\/en\/enterprises\/","url":"https:\/\/arioncoaching.com\/en\/enterprises\/","name":"Companies - Arion Coaching","isPartOf":{"@id":"https:\/\/arioncoaching.com\/en\/#website"},"primaryImageOfPage":{"@id":"https:\/\/arioncoaching.com\/en\/enterprises\/#primaryimage"},"image":{"@id":"https:\/\/arioncoaching.com\/en\/enterprises\/#primaryimage"},"thumbnailUrl":"https:\/\/arioncoaching.com\/wp-content\/uploads\/2024\/06\/lifestyle-blog-blob-01.svg","datePublished":"2024-06-14T06:13:52+00:00","dateModified":"2025-02-03T12:20:34+00:00","breadcrumb":{"@id":"https:\/\/arioncoaching.com\/en\/enterprises\/#breadcrumb"},"inLanguage":"en-US","potentialAction":[{"@type":"ReadAction","target":["https:\/\/arioncoaching.com\/en\/enterprises\/"]}]},{"@type":"ImageObject","inLanguage":"en-US","@id":"https:\/\/arioncoaching.com\/en\/enterprises\/#primaryimage","url":"https:\/\/arioncoaching.com\/wp-content\/uploads\/2024\/06\/lifestyle-blog-blob-01.svg","contentUrl":"https:\/\/arioncoaching.com\/wp-content\/uploads\/2024\/06\/lifestyle-blog-blob-01.svg"},{"@type":"BreadcrumbList","@id":"https:\/\/arioncoaching.com\/en\/enterprises\/#breadcrumb","itemListElement":[{"@type":"ListItem","position":1,"name":"Portada","item":"https:\/\/arioncoaching.com\/en\/"},{"@type":"ListItem","position":2,"name":"Companies"}]},{"@type":"WebSite","@id":"https:\/\/arioncoaching.com\/en\/#website","url":"https:\/\/arioncoaching.com\/en\/","name":"Arion Coaching","description":"Coaching con Caballos en Finca Mangueta, Vejer de la Frontera, C\u00e1diz","publisher":{"@id":"https:\/\/arioncoaching.com\/en\/#organization"},"potentialAction":[{"@type":"SearchAction","target":{"@type":"EntryPoint","urlTemplate":"https:\/\/arioncoaching.com\/en\/?s={search_term_string}"},"query-input":{"@type":"PropertyValueSpecification","valueRequired":true,"valueName":"search_term_string"}}],"inLanguage":"en-US"},{"@type":"Organization","@id":"https:\/\/arioncoaching.com\/en\/#organization","name":"Arion Coaching","url":"https:\/\/arioncoaching.com\/en\/","logo":{"@type":"ImageObject","inLanguage":"en-US","@id":"https:\/\/arioncoaching.com\/en\/#\/schema\/logo\/image\/","url":"https:\/\/arioncoaching.com\/wp-content\/uploads\/2024\/06\/cropped-favicon.png","contentUrl":"https:\/\/arioncoaching.com\/wp-content\/uploads\/2024\/06\/cropped-favicon.png","width":512,"height":512,"caption":"Arion Coaching"},"image":{"@id":"https:\/\/arioncoaching.com\/en\/#\/schema\/logo\/image\/"},"sameAs":["https:\/\/www.instagram.com\/arion_coaching\/"]}]}},"_links":{"self":[{"href":"https:\/\/arioncoaching.com\/en\/wp-json\/wp\/v2\/pages\/1277","targetHints":{"allow":["GET"]}}],"collection":[{"href":"https:\/\/arioncoaching.com\/en\/wp-json\/wp\/v2\/pages"}],"about":[{"href":"https:\/\/arioncoaching.com\/en\/wp-json\/wp\/v2\/types\/page"}],"author":[{"embeddable":true,"href":"https:\/\/arioncoaching.com\/en\/wp-json\/wp\/v2\/users\/1"}],"replies":[{"embeddable":true,"href":"https:\/\/arioncoaching.com\/en\/wp-json\/wp\/v2\/comments?post=1277"}],"version-history":[{"count":14,"href":"https:\/\/arioncoaching.com\/en\/wp-json\/wp\/v2\/pages\/1277\/revisions"}],"predecessor-version":[{"id":1442,"href":"https:\/\/arioncoaching.com\/en\/wp-json\/wp\/v2\/pages\/1277\/revisions\/1442"}],"wp:attachment":[{"href":"https:\/\/arioncoaching.com\/en\/wp-json\/wp\/v2\/media?parent=1277"}],"curies":[{"name":"wp","href":"https:\/\/api.w.org\/{rel}","templated":true}]}}